{"id":6527,"date":"2017-02-01T11:00:42","date_gmt":"2017-02-01T11:00:42","guid":{"rendered":"http:\/\/fluid.edge-themes.com\/?page_id=6527"},"modified":"2020-06-07T22:08:54","modified_gmt":"2020-06-08T01:08:54","slug":"treinamentos-in-company","status":"publish","type":"page","link":"https:\/\/www.oliconsultoria.com.br\/site\/treinamentos-in-company\/","title":{"rendered":"Treinamentos In Company"},"content":{"rendered":"<p>[vc_row row_content_width=&#8221;grid&#8221; content_text_aligment=&#8221;center&#8221; css=&#8221;.vc_custom_1486382581495{padding-top: 103px !important;padding-bottom: 70px !important;}&#8221;][vc_column offset=&#8221;vc_col-lg-12&#8243; css=&#8221;.vc_custom_1485172304881{padding-right: 6% !important;padding-left: 6% !important;}&#8221;]<div class=\"edgtf-section-title-holder\" style=\"padding: 0 12%\">\n\t\t\t<h2 class=\"edgtf-st-title\" >\n\t\t\t<span>Empresas \u00e1geis s\u00e3o as vencedoras<\/span>\n\t\t<\/h2>\n\t\t\t\t<p class=\"edgtf-st-text\" style=\"font-size: 25px;line-height: 30px;margin-top: 10px\">A ger\u00eancia eficaz e a excel\u00eancia na gest\u00e3o e lideran\u00e7a das equipes nas organiza\u00e7\u00f5es s\u00e3o fundamentais para lidar com as instabilidades do mercado e apresentar bons resultados para organiza\u00e7\u00e3o. Empresas de sucesso tendem a ser \u00e1geis em suas decis\u00f5es e em suas a\u00e7\u00f5es, por isso necessitam de equipes bem integradas.<\/p>\n\t<\/div>[vc_empty_space height=&#8221;95px&#8221;][vc_row_inner][vc_column_inner width=&#8221;1\/2&#8243; offset=&#8221;vc_col-lg-2&#8243;]<div class=\"edgtf-iwt clearfix edgtf-iwt-icon-top edgtf-iwt-icon-medium edgtf-iwt-center edgtf-iwt-underline\">\n\t<div class=\"edgtf-iwt-icon\">\n\t\t\t\t\t<a itemprop=\"url\" href=\"#\" target=\"_self\">\n\t\t\t\t\t\t\t\t\t    <span class=\"edgtf-icon-shortcode edgtf-normal\"  data-color=\"#666666\">\n                    <i class=\"edgtf-icon-et-line icon-piechart edgtf-icon-element\" style=\"color: #666666;font-size:35px\" ><\/i>            <\/span>\n\t\t\t\t\t\t\t\t<\/a>\n\t\t\t<\/div>\n\t\t\t<div class=\"edgtf-iwt-line\" style=\"background-color: #666666\"><\/div>\n\t\t<div class=\"edgtf-iwt-content\" style=\"padding-top: 7px\">\n\t\t\t\t\t<p class=\"edgtf-iwt-title\" style=\"margin-top: 17px\">\n\t\t\t\t\t\t\t\t\t<a itemprop=\"url\" href=\"#\" target=\"_self\">\n\t\t\t\t\t\t\t\t\t<span class=\"edgtf-iwt-title-text\">Brand new App<\/span>\n\t\t\t\t\t\t\t\t\t\t\t<span class=\"edgtf-iwt-title-description\">GPU 8GB<\/span>\n\t\t\t\t\t\t\t\t\t\t\t\t\t\t<\/a>\n\t\t\t\t\t\t\t<\/p>\n\t\t\t\t\t<\/div>\n<\/div>[vc_empty_space height=&#8221;30px&#8221;][\/vc_column_inner][vc_column_inner width=&#8221;1\/2&#8243; offset=&#8221;vc_col-lg-2&#8243;]<div class=\"edgtf-iwt clearfix edgtf-iwt-icon-top edgtf-iwt-icon-medium edgtf-iwt-center edgtf-iwt-underline\">\n\t<div class=\"edgtf-iwt-icon\">\n\t\t\t\t\t<a itemprop=\"url\" href=\"#\" target=\"_self\">\n\t\t\t\t\t\t\t\t\t    <span class=\"edgtf-icon-shortcode edgtf-normal\"  data-color=\"#666666\">\n                    <i class=\"edgtf-icon-et-line icon-desktop edgtf-icon-element\" style=\"color: #666666;font-size:35px\" ><\/i>            <\/span>\n\t\t\t\t\t\t\t\t<\/a>\n\t\t\t<\/div>\n\t\t\t<div class=\"edgtf-iwt-line\" style=\"background-color: #666666\"><\/div>\n\t\t<div class=\"edgtf-iwt-content\" style=\"padding-top: 7px\">\n\t\t\t\t\t<p class=\"edgtf-iwt-title\" style=\"margin-top: 17px\">\n\t\t\t\t\t\t\t\t\t<a itemprop=\"url\" href=\"#\" target=\"_self\">\n\t\t\t\t\t\t\t\t\t<span class=\"edgtf-iwt-title-text\">Bluetooth App<\/span>\n\t\t\t\t\t\t\t\t\t\t\t<span class=\"edgtf-iwt-title-description\">GPU 8GB<\/span>\n\t\t\t\t\t\t\t\t\t\t\t\t\t\t<\/a>\n\t\t\t\t\t\t\t<\/p>\n\t\t\t\t\t<\/div>\n<\/div>[vc_empty_space height=&#8221;30px&#8221;][\/vc_column_inner][vc_column_inner width=&#8221;1\/2&#8243; offset=&#8221;vc_col-lg-2&#8243;]<div class=\"edgtf-iwt clearfix edgtf-iwt-icon-top edgtf-iwt-icon-medium edgtf-iwt-center edgtf-iwt-underline\">\n\t<div class=\"edgtf-iwt-icon\">\n\t\t\t\t\t<a itemprop=\"url\" href=\"#\" target=\"_self\">\n\t\t\t\t\t\t\t\t\t    <span class=\"edgtf-icon-shortcode edgtf-normal\"  data-color=\"#666666\">\n                    <i class=\"edgtf-icon-et-line icon-chat edgtf-icon-element\" style=\"color: #666666;font-size:35px\" ><\/i>            <\/span>\n\t\t\t\t\t\t\t\t<\/a>\n\t\t\t<\/div>\n\t\t\t<div class=\"edgtf-iwt-line\" style=\"background-color: #666666\"><\/div>\n\t\t<div class=\"edgtf-iwt-content\" style=\"padding-top: 7px\">\n\t\t\t\t\t<p class=\"edgtf-iwt-title\" style=\"margin-top: 17px\">\n\t\t\t\t\t\t\t\t\t<a itemprop=\"url\" href=\"#\" target=\"_self\">\n\t\t\t\t\t\t\t\t\t<span class=\"edgtf-iwt-title-text\">Expansion App<\/span>\n\t\t\t\t\t\t\t\t\t\t\t<span class=\"edgtf-iwt-title-description\">GPU 8GB<\/span>\n\t\t\t\t\t\t\t\t\t\t\t\t\t\t<\/a>\n\t\t\t\t\t\t\t<\/p>\n\t\t\t\t\t<\/div>\n<\/div>[vc_empty_space height=&#8221;30px&#8221;][\/vc_column_inner][vc_column_inner width=&#8221;1\/2&#8243; offset=&#8221;vc_col-lg-2&#8243;]<div class=\"edgtf-iwt clearfix edgtf-iwt-icon-top edgtf-iwt-icon-medium edgtf-iwt-center edgtf-iwt-underline\">\n\t<div class=\"edgtf-iwt-icon\">\n\t\t\t\t\t<a itemprop=\"url\" href=\"#\" target=\"_self\">\n\t\t\t\t\t\t\t\t\t    <span class=\"edgtf-icon-shortcode edgtf-normal\"  data-color=\"#666666\">\n                    <i class=\"edgtf-icon-et-line icon-mobile edgtf-icon-element\" style=\"color: #666666;font-size:35px\" ><\/i>            <\/span>\n\t\t\t\t\t\t\t\t<\/a>\n\t\t\t<\/div>\n\t\t\t<div class=\"edgtf-iwt-line\" style=\"background-color: #666666\"><\/div>\n\t\t<div class=\"edgtf-iwt-content\" style=\"padding-top: 7px\">\n\t\t\t\t\t<p class=\"edgtf-iwt-title\" style=\"margin-top: 17px\">\n\t\t\t\t\t\t\t\t\t<a itemprop=\"url\" href=\"#\" target=\"_self\">\n\t\t\t\t\t\t\t\t\t<span class=\"edgtf-iwt-title-text\">Bluetooth App<\/span>\n\t\t\t\t\t\t\t\t\t\t\t<span class=\"edgtf-iwt-title-description\">GPU 8GB<\/span>\n\t\t\t\t\t\t\t\t\t\t\t\t\t\t<\/a>\n\t\t\t\t\t\t\t<\/p>\n\t\t\t\t\t<\/div>\n<\/div>[vc_empty_space height=&#8221;30px&#8221;][\/vc_column_inner][vc_column_inner width=&#8221;1\/2&#8243; offset=&#8221;vc_col-lg-2&#8243;]<div class=\"edgtf-iwt clearfix edgtf-iwt-icon-top edgtf-iwt-icon-medium edgtf-iwt-center edgtf-iwt-underline\">\n\t<div class=\"edgtf-iwt-icon\">\n\t\t\t\t\t<a itemprop=\"url\" href=\"#\" target=\"_self\">\n\t\t\t\t\t\t\t\t\t    <span class=\"edgtf-icon-shortcode edgtf-normal\"  data-color=\"#666666\">\n                    <i class=\"edgtf-icon-et-line icon-layers edgtf-icon-element\" style=\"color: #666666;font-size:35px\" ><\/i>            <\/span>\n\t\t\t\t\t\t\t\t<\/a>\n\t\t\t<\/div>\n\t\t\t<div class=\"edgtf-iwt-line\" style=\"background-color: #666666\"><\/div>\n\t\t<div class=\"edgtf-iwt-content\" style=\"padding-top: 7px\">\n\t\t\t\t\t<p class=\"edgtf-iwt-title\" style=\"margin-top: 17px\">\n\t\t\t\t\t\t\t\t\t<a itemprop=\"url\" href=\"#\" target=\"_self\">\n\t\t\t\t\t\t\t\t\t<span class=\"edgtf-iwt-title-text\">Expansion App<\/span>\n\t\t\t\t\t\t\t\t\t\t\t<span class=\"edgtf-iwt-title-description\">GPU 8GB<\/span>\n\t\t\t\t\t\t\t\t\t\t\t\t\t\t<\/a>\n\t\t\t\t\t\t\t<\/p>\n\t\t\t\t\t<\/div>\n<\/div>[vc_empty_space height=&#8221;30px&#8221;][\/vc_column_inner][vc_column_inner width=&#8221;1\/2&#8243; offset=&#8221;vc_col-lg-2&#8243;]<div class=\"edgtf-iwt clearfix edgtf-iwt-icon-top edgtf-iwt-icon-medium edgtf-iwt-center edgtf-iwt-underline\">\n\t<div class=\"edgtf-iwt-icon\">\n\t\t\t\t\t<a itemprop=\"url\" href=\"#\" target=\"_self\">\n\t\t\t\t\t\t\t\t\t    <span class=\"edgtf-icon-shortcode edgtf-normal\"  data-color=\"#666666\">\n                    <i class=\"edgtf-icon-et-line icon-laptop edgtf-icon-element\" style=\"color: #666666;font-size:35px\" ><\/i>            <\/span>\n\t\t\t\t\t\t\t\t<\/a>\n\t\t\t<\/div>\n\t\t\t<div class=\"edgtf-iwt-line\" style=\"background-color: #666666\"><\/div>\n\t\t<div class=\"edgtf-iwt-content\" style=\"padding-top: 7px\">\n\t\t\t\t\t<p class=\"edgtf-iwt-title\" style=\"margin-top: 17px\">\n\t\t\t\t\t\t\t\t\t<a itemprop=\"url\" href=\"#\" target=\"_self\">\n\t\t\t\t\t\t\t\t\t<span class=\"edgtf-iwt-title-text\">Brand new App<\/span>\n\t\t\t\t\t\t\t\t\t\t\t<span class=\"edgtf-iwt-title-description\">GPU 8GB<\/span>\n\t\t\t\t\t\t\t\t\t\t\t\t\t\t<\/a>\n\t\t\t\t\t\t\t<\/p>\n\t\t\t\t\t<\/div>\n<\/div>[vc_empty_space height=&#8221;30px&#8221;][\/vc_column_inner][\/vc_row_inner][\/vc_column][\/vc_row][vc_row][vc_column][vc_row_inner row_content_width=&#8221;grid&#8221;][vc_column_inner offset=&#8221;vc_col-lg-5 vc_col-md-12&#8243;]<div class=\"edgtf-elements-holder edgtf-one-column edgtf-responsive-mode-768\" ><div class=\"edgtf-eh-item \"  data-item-class=\"edgtf-eh-custom-845946\" data-1024-1280=\"6% 0% 0 29%\" data-768-1024=\"0% 55% 0% 9%\" data-600-768=\"0% 55% 0% 9%\" data-480=\"0 0 0 0\">\n\t<div class=\"edgtf-eh-item-inner\">\n\t\t<div class=\"edgtf-eh-item-content edgtf-eh-custom-845946\" style=\"padding: 6% 0 0 19%\">\n\t\t\t[vc_single_image image=&#8221;8843&#8243; img_size=&#8221;full&#8221; css_animation=&#8221;bottom-to-top&#8221;]\t\t<\/div>\n\t<\/div>\n<\/div><\/div>[\/vc_column_inner][vc_column_inner offset=&#8221;vc_col-lg-7 vc_col-md-12&#8243;]<div class=\"edgtf-elements-holder edgtf-one-column edgtf-responsive-mode-768\" ><div class=\"edgtf-eh-item \"  data-item-class=\"edgtf-eh-custom-227766\" data-1024-1280=\"11% 11% 0% 9%\" data-768-1024=\"13% 11% 0% 9%\">\n\t<div class=\"edgtf-eh-item-inner\">\n\t\t<div class=\"edgtf-eh-item-content edgtf-eh-custom-227766\" style=\"padding: 25% 11% 0% 9%\">\n\t\t\t<div class=\"edgtf-section-title-holder\" >\n\t\t\t<h2 class=\"edgtf-st-title\" >\n\t\t\t<span>Reter o capital intelectual<\/span>\n\t\t<\/h2>\n\t\t\t\t<p class=\"edgtf-st-text\" style=\"font-size: 25px;margin-top: 15px\">Quando o mercado de capital intelectual est\u00e1 altamente vol\u00e1til para empresa, o ambiente se apresenta de forma bastante hostil e o clima organizacional inst\u00e1vel, o que fazer?<\/p>\n\t<\/div>[vc_empty_space height=&#8221;25px&#8221;][vc_column_text]<\/p>\n<h5>A Metodologia de treinamento da OLI Consultoria \u00e9 desenvolvida sob demanda, observando as necessidades da empresa e atendendo pontualmente as instabilidades que levam a empresa ou a equipe a n\u00e3o performar.<\/h5>\n<p>[\/vc_column_text][vc_column_text]<\/p>\n<h5>O cronograma de treinamento \u00e9 ajustado de acordo com a disponibilidade dos participantes de forma a ser inclusivo e convergente, para alinhar esfor\u00e7os e oportunidades de melhoria nos resultados esperados.<\/h5>\n<p>[\/vc_column_text][vc_column_text]<\/p>\n<h5>A busca da efici\u00eancia \u00e9 um processo de melhoria cont\u00ednua para gestores de equipes.<\/h5>\n<p>[\/vc_column_text][vc_column_text]<\/p>\n<h5>Equipes satisfeitas geram resultados potencializados com clientes e fornecedores. Por isso manter uma equipe motivada gerando empenho e qualidade percebida, com resultados efetivos, \u00e9 um desafio para bons lideres<\/h5>\n<p>[\/vc_column_text]\t\t<\/div>\n\t<\/div>\n<\/div><\/div><div class=\"edgtf-elements-holder edgtf-one-column edgtf-responsive-mode-never\" ><div class=\"edgtf-eh-item \"  data-item-class=\"edgtf-eh-custom-929693\" data-1280-1600=\"6% 10% 0 5%\" data-1024-1280=\"6% 9% 0 5%\" data-768-1024=\"6% 18% 0% 5%\" data-600-768=\"6% 10% 0% 5%\">\n\t<div class=\"edgtf-eh-item-inner\">\n\t\t<div class=\"edgtf-eh-item-content edgtf-eh-custom-929693\" style=\"padding: 6% 22% 0% 5%\">\n\t\t\t<div class=\"edgtf-counter-wc-holder  edgtf-ch-columns-3 edgtf-ch-tiny-space edgtf-ch-alignment-center\"><div class=\"edgtf-ch-inner\"><div class=\"edgtf-counter-holder edgtf-counter-title-left edgtf-counter-border\" style=\"border-style: solid;border-right-width: 1px;border-color: #999999\">\n\t<div class=\"edgtf-counter-inner\">\n\t\t\t\t\t\t\t<span class=\"edgtf-counter edgtf-zero-counter\" style=\"font-size: 40px\">85<\/span>\n\t\t\t\t\t\t\t<h6 class=\"edgtf-counter-title\" style=\"color: #999999\">\n\t\t\t\tFree App\t\t\t<\/h6>\n\t\t\t\t\t<\/div>\n<\/div><div class=\"edgtf-counter-holder edgtf-counter-title-left edgtf-counter-border\" style=\"border-style: solid;border-right-width: 1px;border-color: #999999\">\n\t<div class=\"edgtf-counter-inner\">\n\t\t\t\t\t\t\t<span class=\"edgtf-counter edgtf-zero-counter\" style=\"font-size: 40px\">125<\/span>\n\t\t\t\t\t\t\t<h6 class=\"edgtf-counter-title\" style=\"color: #999999\">\n\t\t\t\tFree App\t\t\t<\/h6>\n\t\t\t\t\t<\/div>\n<\/div><div class=\"edgtf-counter-holder edgtf-counter-title-left\" >\n\t<div class=\"edgtf-counter-inner\">\n\t\t\t\t\t\t\t<span class=\"edgtf-counter edgtf-zero-counter\" style=\"font-size: 40px\">285<\/span>\n\t\t\t\t\t\t\t<h6 class=\"edgtf-counter-title\" style=\"color: #999999\">\n\t\t\t\tFree App\t\t\t<\/h6>\n\t\t\t\t\t<\/div>\n<\/div><\/div><\/div>\t\t<\/div>\n\t<\/div>\n<\/div><\/div><div class=\"edgtf-elements-holder edgtf-one-column edgtf-responsive-mode-768\" ><div class=\"edgtf-eh-item \"  data-item-class=\"edgtf-eh-custom-383896\" data-768-1024=\"0 0 0 6%\">\n\t<div class=\"edgtf-eh-item-inner\">\n\t\t<div class=\"edgtf-eh-item-content edgtf-eh-custom-383896\" style=\"padding: 0 0 0 5%\">\n\t\t\t[vc_empty_space height=&#8221;52px&#8221;]<a itemprop=\"url\" href=\"#\" target=\"_self\" style=\"font-size: 12px;margin: 9px 0 9px 28px\" class=\"edgtf-btn edgtf-btn-medium edgtf-btn-solid\"  >\n    <span class=\"edgtf-btn-text\">Get the App<\/span>\n    <\/a><a itemprop=\"url\" href=\"#\" target=\"_self\" style=\"color: #333333;border-color: #cccccc;font-size: 12px;margin: 9px 18px 9px 30px\" class=\"edgtf-btn edgtf-btn-medium edgtf-btn-outline edgtf-btn-custom-hover-bg edgtf-btn-custom-border-hover\" data-hover-bg-color=\"#333333\" data-hover-border-color=\"#333333\" >\n    <span class=\"edgtf-btn-text\">Get the App<\/span>\n    <\/a>\t\t<\/div>\n\t<\/div>\n<\/div><\/div>[\/vc_column_inner][\/vc_row_inner][\/vc_column][\/vc_row][vc_row css=&#8221;.vc_custom_1485948444605{padding-top: 9% !important;padding-bottom: 100px !important;}&#8221;][vc_column][vc_row_inner row_content_width=&#8221;grid&#8221;][vc_column_inner offset=&#8221;vc_col-lg-7 vc_col-md-12&#8243;]<div class=\"edgtf-elements-holder edgtf-one-column edgtf-responsive-mode-768\" ><div class=\"edgtf-eh-item \"  data-item-class=\"edgtf-eh-custom-702715\" data-1024-1280=\"15% 11% 0% 3%\" data-768-1024=\"0% 11% 0% 9%\" data-600-768=\"0% 11% 0% 8%\">\n\t<div class=\"edgtf-eh-item-inner\">\n\t\t<div class=\"edgtf-eh-item-content edgtf-eh-custom-702715\" style=\"padding: 18% 11% 0% 3%\">\n\t\t\t<div class=\"edgtf-section-title-holder\" >\n\t\t\t<h2 class=\"edgtf-st-title\" >\n\t\t\t<span>Cultura Organizacional como diferencial competitivo<\/span>\n\t\t<\/h2>\n\t\t\t\t<p class=\"edgtf-st-text\" style=\"font-size: 25px;margin-top: 23px\">Formar e reter o capital intelectual, \u00e9 um desafio para empresas que investem seus recursos na forma\u00e7\u00e3o desse ativo, pela raz\u00e3o clara de necessitarem ser competitivas e precisarem manter seu posicionamento de mercado.<\/p>\n\t<\/div>[vc_column_text]<\/p>\n<h5>A OLI Consultoria contribui com a sua empresa na implanta\u00e7\u00e3o de uma pol\u00edtica de reten\u00e7\u00e3o e redu\u00e7\u00e3o de turnover, com estrat\u00e9gias bem definidas que ajudar\u00e3o sempre \u00e0 empresa a ter um bom posicionamento na sua intelig\u00eancia corporativa e na manuten\u00e7\u00e3o do seu capital intelectual.<\/h5>\n<p>[\/vc_column_text][vc_column_text]<\/p>\n<h5>Para aplica\u00e7\u00e3o dessa metodologia temos como princ\u00edpio b\u00e1sico, a cria\u00e7\u00e3o de um ciclo de melhoria cont\u00ednua, a gera\u00e7\u00e3o de novas compet\u00eancias dos colaboradores e a forma\u00e7\u00e3o de um bom clima organizacional.<\/h5>\n<p>[\/vc_column_text]\t\t<\/div>\n\t<\/div>\n<\/div><\/div><div class=\"edgtf-elements-holder edgtf-three-columns edgtf-responsive-mode-480\" ><div class=\"edgtf-eh-item \"  data-item-class=\"edgtf-eh-custom-969792\" data-768-1024=\"20% 0 0 29%\" data-600-768=\"20% 0 0 23%\">\n\t<div class=\"edgtf-eh-item-inner\">\n\t\t<div class=\"edgtf-eh-item-content edgtf-eh-custom-969792\" style=\"padding: 20% 11% 0 11%\">\n\t\t\t<div class=\"edgtf-iwt clearfix edgtf-iwt-icon-left edgtf-iwt-icon-small edgtf-iwt-left edgtf-iwt-left-no-title\">\n\t<div class=\"edgtf-iwt-icon\">\n\t\t\t\t\t<a itemprop=\"url\" href=\"#\" target=\"_self\">\n\t\t\t\t\t\t\t\t\t    <span class=\"edgtf-icon-shortcode edgtf-normal\"  >\n                    <i class=\"edgtf-icon-et-line icon-piechart edgtf-icon-element\" style=\"font-size:26px\" ><\/i>            <\/span>\n\t\t\t\t\t\t\t\t<\/a>\n\t\t\t<\/div>\n\t\t<div class=\"edgtf-iwt-content\" >\n\t\t\t\t\t\t\t<p class=\"edgtf-iwt-text\" >Brand new App<\/p>\n\t\t\t<\/div>\n<\/div>[vc_empty_space]<div class=\"edgtf-iwt clearfix edgtf-iwt-icon-left edgtf-iwt-icon-small edgtf-iwt-left edgtf-iwt-left-no-title\">\n\t<div class=\"edgtf-iwt-icon\">\n\t\t\t\t\t<a itemprop=\"url\" href=\"#\" target=\"_self\">\n\t\t\t\t\t\t\t\t\t    <span class=\"edgtf-icon-shortcode edgtf-normal\"  >\n                    <i class=\"edgtf-icon-et-line icon-mobile edgtf-icon-element\" style=\"font-size:26px\" ><\/i>            <\/span>\n\t\t\t\t\t\t\t\t<\/a>\n\t\t\t<\/div>\n\t\t<div class=\"edgtf-iwt-content\" >\n\t\t\t\t\t\t\t<p class=\"edgtf-iwt-text\" >Bluetooth App<\/p>\n\t\t\t<\/div>\n<\/div>\t\t<\/div>\n\t<\/div>\n<\/div><div class=\"edgtf-eh-item \"  data-item-class=\"edgtf-eh-custom-702646\" data-768-1024=\"20% 0 0 14%\" data-600-768=\"20% 0 0 12%\" data-480=\"20% 11% 0 11%\">\n\t<div class=\"edgtf-eh-item-inner\">\n\t\t<div class=\"edgtf-eh-item-content edgtf-eh-custom-702646\" style=\"padding: 20% 11% 0 3%\">\n\t\t\t<div class=\"edgtf-iwt clearfix edgtf-iwt-icon-left edgtf-iwt-icon-small edgtf-iwt-left edgtf-iwt-left-no-title\">\n\t<div class=\"edgtf-iwt-icon\">\n\t\t\t\t\t<a itemprop=\"url\" href=\"#\" target=\"_self\">\n\t\t\t\t\t\t\t\t\t    <span class=\"edgtf-icon-shortcode edgtf-normal\"  >\n                    <i class=\"edgtf-icon-et-line icon-desktop edgtf-icon-element\" style=\"font-size:26px\" ><\/i>            <\/span>\n\t\t\t\t\t\t\t\t<\/a>\n\t\t\t<\/div>\n\t\t<div class=\"edgtf-iwt-content\" >\n\t\t\t\t\t\t\t<p class=\"edgtf-iwt-text\" >Bluetooth App<\/p>\n\t\t\t<\/div>\n<\/div>[vc_empty_space]<div class=\"edgtf-iwt clearfix edgtf-iwt-icon-left edgtf-iwt-icon-small edgtf-iwt-left edgtf-iwt-left-no-title\">\n\t<div class=\"edgtf-iwt-icon\">\n\t\t\t\t\t<a itemprop=\"url\" href=\"#\" target=\"_self\">\n\t\t\t\t\t\t\t\t\t    <span class=\"edgtf-icon-shortcode edgtf-normal\"  >\n                    <i class=\"edgtf-icon-et-line icon-layers edgtf-icon-element\" style=\"font-size:26px\" ><\/i>            <\/span>\n\t\t\t\t\t\t\t\t<\/a>\n\t\t\t<\/div>\n\t\t<div class=\"edgtf-iwt-content\" >\n\t\t\t\t\t\t\t<p class=\"edgtf-iwt-text\" >Brand new App<\/p>\n\t\t\t<\/div>\n<\/div>\t\t<\/div>\n\t<\/div>\n<\/div><div class=\"edgtf-eh-item \"  data-item-class=\"edgtf-eh-custom-411528\" data-768-1024=\"20% 0 0 0\" data-600-768=\"20% 0 0 0\" data-480=\"20% 11% 0 11%\">\n\t<div class=\"edgtf-eh-item-inner\">\n\t\t<div class=\"edgtf-eh-item-content edgtf-eh-custom-411528\" style=\"padding: 20% 11% 0 0%\">\n\t\t\t<div class=\"edgtf-iwt clearfix edgtf-iwt-icon-left edgtf-iwt-icon-small edgtf-iwt-left edgtf-iwt-left-no-title\">\n\t<div class=\"edgtf-iwt-icon\">\n\t\t\t\t\t<a itemprop=\"url\" href=\"#\" target=\"_self\">\n\t\t\t\t\t\t\t\t\t    <span class=\"edgtf-icon-shortcode edgtf-normal\"  >\n                    <i class=\"edgtf-icon-et-line icon-upload edgtf-icon-element\" style=\"font-size:26px\" ><\/i>            <\/span>\n\t\t\t\t\t\t\t\t<\/a>\n\t\t\t<\/div>\n\t\t<div class=\"edgtf-iwt-content\" >\n\t\t\t\t\t\t\t<p class=\"edgtf-iwt-text\" >Bluetooth App<\/p>\n\t\t\t<\/div>\n<\/div>[vc_empty_space]<div class=\"edgtf-iwt clearfix edgtf-iwt-icon-left edgtf-iwt-icon-small edgtf-iwt-left edgtf-iwt-left-no-title\">\n\t<div class=\"edgtf-iwt-icon\">\n\t\t\t\t\t<a itemprop=\"url\" href=\"#\" target=\"_self\">\n\t\t\t\t\t\t\t\t\t    <span class=\"edgtf-icon-shortcode edgtf-normal\"  >\n                    <i class=\"edgtf-icon-et-line icon-linegraph edgtf-icon-element\" style=\"font-size:26px\" ><\/i>            <\/span>\n\t\t\t\t\t\t\t\t<\/a>\n\t\t\t<\/div>\n\t\t<div class=\"edgtf-iwt-content\" >\n\t\t\t\t\t\t\t<p class=\"edgtf-iwt-text\" >Brand new App<\/p>\n\t\t\t<\/div>\n<\/div>\t\t<\/div>\n\t<\/div>\n<\/div><\/div><div class=\"edgtf-elements-holder edgtf-one-column edgtf-responsive-mode-768\" ><div class=\"edgtf-eh-item \"  data-item-class=\"edgtf-eh-custom-286571\" data-768-1024=\"0 0 0 6%\">\n\t<div class=\"edgtf-eh-item-inner\">\n\t\t<div class=\"edgtf-eh-item-content edgtf-eh-custom-286571\" >\n\t\t\t[vc_empty_space height=&#8221;62px&#8221;]<a itemprop=\"url\" href=\"#\" target=\"_self\" style=\"font-size: 12px;margin: 9px 0 9px 28px\" class=\"edgtf-btn edgtf-btn-medium edgtf-btn-solid\"  >\n    <span class=\"edgtf-btn-text\">Get the App<\/span>\n    <\/a><a itemprop=\"url\" href=\"#\" target=\"_self\" style=\"color: #333333;border-color: #cccccc;font-size: 12px;margin: 9px 18px 9px 30px\" class=\"edgtf-btn edgtf-btn-medium edgtf-btn-outline edgtf-btn-custom-hover-bg edgtf-btn-custom-border-hover\" data-hover-bg-color=\"#333333\" data-hover-border-color=\"#333333\" >\n    <span class=\"edgtf-btn-text\">Get the App<\/span>\n    <\/a>\t\t<\/div>\n\t<\/div>\n<\/div><\/div>[\/vc_column_inner][vc_column_inner offset=&#8221;vc_col-lg-5 vc_col-md-12&#8243;]<div class=\"edgtf-elements-holder edgtf-one-column edgtf-responsive-mode-768\" ><div class=\"edgtf-eh-item \"  data-item-class=\"edgtf-eh-custom-620078\" data-1024-1280=\"6% 29% 0 0%\" data-768-1024=\"12% 55% 0% 10%\" data-600-768=\"10% 55% 0% 8%\" data-480=\"22% 0 0 0\">\n\t<div class=\"edgtf-eh-item-inner\">\n\t\t<div class=\"edgtf-eh-item-content edgtf-eh-custom-620078\" style=\"padding: 6% 0 0 0\">\n\t\t\t[vc_single_image image=&#8221;8841&#8243; img_size=&#8221;full&#8221; css_animation=&#8221;bottom-to-top&#8221;][vc_empty_space height=&#8221;55px&#8221;]\t\t<\/div>\n\t<\/div>\n<\/div><\/div>[\/vc_column_inner][\/vc_row_inner][\/vc_column][\/vc_row][vc_row][vc_column width=&#8221;1\/4&#8243;][\/vc_column][vc_column width=&#8221;1\/2&#8243;][vc_empty_space height=&#8221;62px&#8221;]<div class=\"edgtf-section-title-holder\" style=\"text-align: center\">\n\t\t\t<h2 class=\"edgtf-st-title\" >\n\t\t\t<span>Recursos humanos como fonte de alavancagem de neg\u00f3cios<\/span>\n\t\t<\/h2>\n\t\t\t\t<p class=\"edgtf-st-text\" style=\"font-size: 25px;margin-top: 23px\">A OLI Consultoria contribui com a sua empresa atrav\u00e9s de uma metodologia que une nossas ferramentas de tecnologia e processos para fazer uma gest\u00e3o inovadora e assim criar um modelo de neg\u00f3cio pr\u00f3prio, com um diferencial altamente competitivo que distancie a sua empresa da concorr\u00eancia.<\/p>\n\t<\/div>[vc_empty_space height=&#8221;62px&#8221;][vc_column_text]<\/p>\n<h5 style=\"text-align: center;\">A OLI Consultoria ajuda a sua empresa e seus colaboradores a desenvolver pol\u00edticas de relacionamentos que sejam, saud\u00e1veis, rent\u00e1veis e orientadas a resultados efetivos, tendo como orienta\u00e7\u00e3o o foco do seu publico alvo.<\/h5>\n<p>[\/vc_column_text][vc_column_text]<\/p>\n<h5 style=\"text-align: center;\">Para apoiar as ferramentas de marketing temos os treinamentos de capacita\u00e7\u00e3o para proporcionar mais agilidade nos processos, mais engajamento, forma\u00e7\u00e3o de capital intelectual e intelig\u00eancia corporativa para a empresa. Ministramos treinamentos de capacita\u00e7\u00e3o de pessoal \u00e0 n\u00edvel de atendimento, vendas, ger\u00eancia, lideran\u00e7a e gest\u00e3o de pessoas.<\/h5>\n<p>[\/vc_column_text][vc_column_text]<img fetchpriority=\"high\" decoding=\"async\" class=\"size-medium wp-image-8845 aligncenter\" src=\"https:\/\/oliconsultoria.com.br\/site\/wp-content\/uploads\/2020\/06\/saladetreinamento-300x150.jpg\" alt=\"\" width=\"750\" height=\"375\" srcset=\"https:\/\/www.oliconsultoria.com.br\/site\/wp-content\/uploads\/2020\/06\/saladetreinamento-300x150.jpg 300w, https:\/\/www.oliconsultoria.com.br\/site\/wp-content\/uploads\/2020\/06\/saladetreinamento-600x300.jpg 600w, https:\/\/www.oliconsultoria.com.br\/site\/wp-content\/uploads\/2020\/06\/saladetreinamento.jpg 750w\" sizes=\"(max-width: 750px) 100vw, 750px\" \/>[\/vc_column_text][vc_column_text]<\/p>\n<h5 style=\"text-align: center;\">A intelig\u00eancia emocional \u00e9 uma ferramenta para gest\u00e3o de pessoas. Saber usar como recurso de gest\u00e3o dos relacionamentos interpessoais por lideres de equipes \u00e9 indispens\u00e1vel para sustentabilidade da empresa em um mercado competitivo, onde suas estrat\u00e9gias para terem resultados efetivos, necessitam de um clima organizacional equilibrado e est\u00e1vel.<\/h5>\n<p>[\/vc_column_text][vc_empty_space height=&#8221;62px&#8221;][\/vc_column][vc_column width=&#8221;1\/4&#8243;][\/vc_column][\/vc_row][vc_row css=&#8221;.vc_custom_1591567601943{background-color: #6b74e6 !important;}&#8221;][vc_column]<div class=\"edgtf-call-to-action-holder  edgtf-normal-layout edgtf-content-in-grid edgtf-three-quarters-columns\">\n\t<div class=\"edgtf-cta-inner  edgtf-grid\">\n\t\t<div class=\"edgtf-cta-text-holder\">\n\t\t\t<div class=\"edgtf-cta-text\">\n<h5><span style=\"color: #ffffff; font-weight: 300;\">A OLI Consultoria est\u00e1 pronta para desenvolver um programa de treinamento para sua empresa atuar de forma mais competitiva e decolar.<br \/>\n<\/span><\/h5>\n<\/div>\n\t\t<\/div>\n\t\t<div class=\"edgtf-cta-button-holder\" >\n\t\t\t<div class=\"edgtf-cta-button\"><a itemprop=\"url\" href=\"#\" target=\"_self\" style=\"color: #333333;background-color: #ffffff;border-color: #ffffff\" class=\"edgtf-btn edgtf-btn-medium edgtf-btn-solid\"  >    <span class=\"edgtf-btn-text\">Entre em contato agora<\/span>    <\/a><\/div>\n\t\t<\/div>\n\t<\/div>\n<\/div>[vc_empty_space height=&#8221;62px&#8221;][\/vc_column][\/vc_row]<\/p>\n","protected":false},"excerpt":{"rendered":"<p> [&hellip;]<\/p>\n","protected":false},"author":1,"featured_media":0,"parent":0,"menu_order":0,"comment_status":"closed","ping_status":"closed","template":"full-width.php","meta":{"footnotes":""},"uagb_featured_image_src":{"full":false,"thumbnail":false,"medium":false,"medium_large":false,"large":false,"1536x1536":false,"2048x2048":false,"fluid_edge_image_square":false,"fluid_edge_image_landscape":false,"fluid_edge_image_portrait":false,"fluid_edge_image_huge":false,"woocommerce_thumbnail":false,"woocommerce_single":false,"woocommerce_gallery_thumbnail":false,"shop_catalog":false,"shop_single":false,"shop_thumbnail":false},"uagb_author_info":{"display_name":"admineoliveira","author_link":"https:\/\/www.oliconsultoria.com.br\/site\/author\/admineoliveira\/"},"uagb_comment_info":0,"uagb_excerpt":"[&hellip;]","_links":{"self":[{"href":"https:\/\/www.oliconsultoria.com.br\/site\/wp-json\/wp\/v2\/pages\/6527"}],"collection":[{"href":"https:\/\/www.oliconsultoria.com.br\/site\/wp-json\/wp\/v2\/pages"}],"about":[{"href":"https:\/\/www.oliconsultoria.com.br\/site\/wp-json\/wp\/v2\/types\/page"}],"author":[{"embeddable":true,"href":"https:\/\/www.oliconsultoria.com.br\/site\/wp-json\/wp\/v2\/users\/1"}],"replies":[{"embeddable":true,"href":"https:\/\/www.oliconsultoria.com.br\/site\/wp-json\/wp\/v2\/comments?post=6527"}],"version-history":[{"count":52,"href":"https:\/\/www.oliconsultoria.com.br\/site\/wp-json\/wp\/v2\/pages\/6527\/revisions"}],"predecessor-version":[{"id":8847,"href":"https:\/\/www.oliconsultoria.com.br\/site\/wp-json\/wp\/v2\/pages\/6527\/revisions\/8847"}],"wp:attachment":[{"href":"https:\/\/www.oliconsultoria.com.br\/site\/wp-json\/wp\/v2\/media?parent=6527"}],"curies":[{"name":"wp","href":"https:\/\/api.w.org\/{rel}","templated":true}]}}