{"id":6473,"date":"2017-02-01T09:56:54","date_gmt":"2017-02-01T11:56:54","guid":{"rendered":"http:\/\/fluid.edge-themes.com\/?page_id=6473"},"modified":"2026-04-02T19:23:15","modified_gmt":"2026-04-02T22:23:15","slug":"plataforma-de-loja-virtual-pacotes-e-precos","status":"publish","type":"page","link":"https:\/\/www.oliconsultoria.com.br\/site\/plataforma-de-loja-virtual-pacotes-e-precos\/","title":{"rendered":"A &#8211; Plataforma de Loja Virtual &#8211; Pacotes e Pre\u00e7os"},"content":{"rendered":"<p>[vc_row][vc_column width=&#8221;1\/4&#8243;][\/vc_column][vc_column width=&#8221;1\/2&#8243;][vc_empty_space height=&#8221;85px&#8221;]<div class=\"edgtf-section-title-holder\" style=\"padding: 0 12%;text-align: center\">\n\t\t\t<h2 class=\"edgtf-st-title\" >\n\t\t\t<span>Conhe\u00e7a os recursos b\u00e1sicos que comp\u00f5em a plataforma de loja virtual OLI SHOP<\/span>\n\t\t<\/h2>\n\t\t\t\t<p class=\"edgtf-st-text\" style=\"font-size: 16px;line-height: 30px;margin-top: 21px\">Esses recursos est\u00e3o presentes em todos os planos de plataforma de loja virtual, desde o mais b\u00e1sico at\u00e9 o especial personalizado. Do mesmo modo h\u00e1 recursos e funcionalidades mais sofisticados e especiais que n\u00e3o est\u00e3o listados e s\u00e3o apresentados oportunamente em uma proposta de projeto personalizado.<\/p>\n\t<\/div>[vc_empty_space height=&#8221;85px&#8221;][vc_column_text]<\/p>\n<h5>Conhe\u00e7a os benef\u00edcios de nossa plataforma<\/h5>\n<p>[\/vc_column_text][\/vc_column][vc_column width=&#8221;1\/4&#8243;][\/vc_column][\/vc_row][vc_row][vc_column width=&#8221;1\/4&#8243;][vc_separator el_width=&#8221;50&#8243;][\/vc_column][vc_column width=&#8221;1\/4&#8243;][vc_column_text]<\/p>\n<ul>\n<li>Configura\u00e7\u00e3o de venda m\u00ednima<\/li>\n<li>Modera\u00e7\u00e3o de clientes<\/li>\n<li>Carrinho de compras e de or\u00e7amentos<\/li>\n<li>Configura\u00e7\u00e3o para apresentar pre\u00e7o de varejo e pre\u00e7o de atacado<\/li>\n<li>Cadastro de clientes e de produtos<\/li>\n<li>Cria\u00e7\u00e3o de p\u00e1ginas extras<\/li>\n<li>Integra\u00e7\u00e3o com marketplace (recurso extra)<\/li>\n<li>C\u00e1lculo de frete e integra\u00e7\u00e3o com Correios e transportadoras<\/li>\n<li>Inser\u00e7\u00e3o de banners por painel intuitivo<\/li>\n<li>Cria\u00e7\u00e3o de categorias de produtos e de clientes<\/li>\n<li>Configura\u00e7\u00e3o para produto em venda de atacado<\/li>\n<li>Treinamento de 6hrs contato pelo cliente (por skype, telefone e tutoriais)<\/li>\n<\/ul>\n<p>[\/vc_column_text][\/vc_column][vc_column width=&#8221;1\/4&#8243;][vc_column_text]<\/p>\n<ul>\n<li>Configura\u00e7\u00e3o de vitrine da loja<\/li>\n<li>Produtos mais vendidos<\/li>\n<li>Itens em destaque<\/li>\n<li>Produtos em promo\u00e7\u00e3o<\/li>\n<li>Formul\u00e1rio de or\u00e7amento<\/li>\n<li>Relat\u00f3rio de vendas por cliente, produto, meios de pagamento e outros<\/li>\n<li>V\u00e1rias estat\u00edsticas de produtos e clientes<\/li>\n<li>Integra\u00e7\u00e3o com gateways de pagamento como Mercado Pago, PagSeguro, PayPal, Pagar-me e outros<\/li>\n<li>Recebimento \u00e0 vista (com calculo de desconto), via dep\u00f3sito banc\u00e1rio.<\/li>\n<li>M\u00f3dulo Mobile (tecnologia responsiva) incluso na loja virtual OLI Shop<\/li>\n<\/ul>\n<p>[\/vc_column_text][\/vc_column][vc_column width=&#8221;1\/4&#8243;][\/vc_column][\/vc_row][vc_row css=&#8221;.vc_custom_1485944493828{padding-top: 104px !important;padding-bottom: 95px !important;background-color: #f5f5f5 !important;}&#8221;][vc_column css=&#8221;.vc_custom_1485944455425{padding-top: 0px !important;}&#8221;][vc_row_inner row_content_width=&#8221;grid&#8221; content_text_aligment=&#8221;center&#8221;][vc_column_inner css=&#8221;.vc_custom_1485944381305{padding-top: 0px !important;}&#8221;]<div class=\"edgtf-section-title-holder\" style=\"padding: 0 22%\">\n\t\t\t<h2 class=\"edgtf-st-title\" >\n\t\t\t<span>Planos para sua loja virtual com a plataforma OLI SHOP<\/span>\n\t\t<\/h2>\n\t\t\t\t<p class=\"edgtf-st-text\" style=\"font-size: 16px;line-height: 30px;margin-top: 21px\">Abaixo est\u00e3o os planos b\u00e1sicos, perfeitos para seu neg\u00f3cio, mas caso precise de algum plano mais complexo, basta entrar em contato.<\/p>\n\t<\/div>[vc_empty_space height=&#8221;85px&#8221;]<div class=\"edgtf-pricing-tables clearfix  edgtf-four-columns edgtf-pt-normal-space\"><div class=\"edgtf-pt-wrapper\"><div class=\"edgtf-price-table edgtf-pt-standard\">\n\t<div class=\"edgtf-pt-inner\">\n\t\t<ul>\n\t\t\t<li class=\"edgtf-pt-title-holder\">\n\t\t\t\t<span class=\"edgtf-pt-title\">Plano B\u00e1sico<\/span>\n\t\t\t<\/li>\n\t\t\t<li class=\"edgtf-pt-prices\">\n\t\t\t\t<span class=\"edgtf-pt-value\">R$<\/span>\n\t\t\t\t<span class=\"edgtf-pt-price\">90<\/span>\n\t\t\t\t<span class=\"edgtf-pt-mark\">Mensal<\/span>\n\t\t\t<\/li>\n\t\t\t<li class=\"edgtf-pt-content\">\n\t\t\t\t\n<ul>\n<li>Template Personalizado<\/li>\n<li>Vendas no Varejo<\/li>\n<li>Acesso por seu dom\u00ednio<\/li>\n<li>03 usu\u00e1rios<\/li>\n<li>at\u00e9 10.000 visitas<\/li>\n<li>at\u00e9 50 produtos cadastrados<\/li>\n<li>Suporte Personalizado<\/li>\n<li><strong>Setup R$ 400,00<\/strong><\/li>\n<\/ul>\n\t\t\t<\/li>\n\t\t\t\t\t\t\t<li class=\"edgtf-pt-button\">\n\t\t\t\t\t<a itemprop=\"url\" href=\"https:\/\/api.whatsapp.com\/send\/?phone=5521967749904&#038;text=Informa\u00e7\u00f5es%20Sobre%20OLI%20SHOP%20-%20Plano%20B\u00e1sico\" target=\"_self\"  class=\"edgtf-btn edgtf-btn-medium edgtf-btn-solid\"  >    <span class=\"edgtf-btn-text\">Detalhes Sobre Esse Plano<\/span>    <\/a>\t\t\t\t<\/li>\t\t\t\t\n\t\t\t\t\t<\/ul>\n\t<\/div>\n<\/div><div class=\"edgtf-price-table edgtf-pt-standard\">\n\t<div class=\"edgtf-pt-inner\">\n\t\t<ul>\n\t\t\t<li class=\"edgtf-pt-title-holder\">\n\t\t\t\t<span class=\"edgtf-pt-title\">Plano Avan\u00e7ado<\/span>\n\t\t\t<\/li>\n\t\t\t<li class=\"edgtf-pt-prices\">\n\t\t\t\t<span class=\"edgtf-pt-value\">R$<\/span>\n\t\t\t\t<span class=\"edgtf-pt-price\">190<\/span>\n\t\t\t\t<span class=\"edgtf-pt-mark\">Mensal<\/span>\n\t\t\t<\/li>\n\t\t\t<li class=\"edgtf-pt-content\">\n\t\t\t\t\n<ul>\n<li>Template Personalizado<\/li>\n<li>Vendas no Atacado e Varejo<\/li>\n<li>Acesso por seu dom\u00ednio<\/li>\n<li>05 usu\u00e1rios<\/li>\n<li>at\u00e9 20.000 visitas<\/li>\n<li>at\u00e9 300 produtos cadastrados<\/li>\n<li>Suporte Personalizado<\/li>\n<li><strong>Setup R$ 900,00<\/strong><\/li>\n<\/ul>\n\t\t\t<\/li>\n\t\t\t\t\t\t\t<li class=\"edgtf-pt-button\">\n\t\t\t\t\t<a itemprop=\"url\" href=\"https:\/\/api.whatsapp.com\/send\/?phone=5521967749904&#038;text=Informa\u00e7\u00f5es%20Sobre%20OLI%20SHOP%20-%20Plano%20Avan\u00e7ado\" target=\"_self\"  class=\"edgtf-btn edgtf-btn-medium edgtf-btn-solid\"  >    <span class=\"edgtf-btn-text\">Detalhes Sobre Esse Plano<\/span>    <\/a>\t\t\t\t<\/li>\t\t\t\t\n\t\t\t\t\t<\/ul>\n\t<\/div>\n<\/div><div class=\"edgtf-price-table edgtf-pt-standard\">\n\t<div class=\"edgtf-pt-inner\">\n\t\t<ul>\n\t\t\t<li class=\"edgtf-pt-title-holder\">\n\t\t\t\t<span class=\"edgtf-pt-title\">Plano Premium<\/span>\n\t\t\t<\/li>\n\t\t\t<li class=\"edgtf-pt-prices\">\n\t\t\t\t<span class=\"edgtf-pt-value\">R$<\/span>\n\t\t\t\t<span class=\"edgtf-pt-price\">350<\/span>\n\t\t\t\t<span class=\"edgtf-pt-mark\">Mensal<\/span>\n\t\t\t<\/li>\n\t\t\t<li class=\"edgtf-pt-content\">\n\t\t\t\t\n<ul>\n<li>Template Personalizado<\/li>\n<li>Vendas no Atacado e Varejo<\/li>\n<li>Acesso por seu dom\u00ednio<\/li>\n<li>10 usu\u00e1rios<\/li>\n<li>at\u00e9 50.000 visitas<\/li>\n<li>at\u00e9 800 produtos cadastrados<\/li>\n<li>Suporte Personalizado<\/li>\n<li><strong>Setup R$ 1.500,00<\/strong><\/li>\n<\/ul>\n\t\t\t<\/li>\n\t\t\t\t\t\t\t<li class=\"edgtf-pt-button\">\n\t\t\t\t\t<a itemprop=\"url\" href=\"https:\/\/api.whatsapp.com\/send\/?phone=5521967749904&#038;text=Informa\u00e7\u00f5es%20Sobre%20OLI%20SHOP%20-%20Plano%20Premium\" target=\"_self\"  class=\"edgtf-btn edgtf-btn-medium edgtf-btn-solid\"  >    <span class=\"edgtf-btn-text\">Detalhes Sobre Esse Plano<\/span>    <\/a>\t\t\t\t<\/li>\t\t\t\t\n\t\t\t\t\t<\/ul>\n\t<\/div>\n<\/div><div class=\"edgtf-price-table edgtf-pt-standard\">\n\t<div class=\"edgtf-pt-inner\">\n\t\t<ul>\n\t\t\t<li class=\"edgtf-pt-title-holder\">\n\t\t\t\t<span class=\"edgtf-pt-title\">Plano Master<\/span>\n\t\t\t<\/li>\n\t\t\t<li class=\"edgtf-pt-prices\">\n\t\t\t\t<span class=\"edgtf-pt-value\">$<\/span>\n\t\t\t\t<span class=\"edgtf-pt-price\">Consulte<\/span>\n\t\t\t\t<span class=\"edgtf-pt-mark\">Para Grandes Opera\u00e7\u00f5es<\/span>\n\t\t\t<\/li>\n\t\t\t<li class=\"edgtf-pt-content\">\n\t\t\t\t\n<ul>\n<li>Intelig\u00eancia de Marketing<\/li>\n<li>V\u00e1rias Integra\u00e7\u00f5es<\/li>\n<li>WhatsApp &#8211; E-mail MKT &#8211; IA<\/li>\n<li>Usu\u00e1rios ilimitados<\/li>\n<li>Visitas Ilimitadas<\/li>\n<li>Produtos cadastrados ilimitados<\/li>\n<li>Suporte Exclusivo e Personalizado<\/li>\n<li><strong>Converse com nosso time<\/strong><\/li>\n<\/ul>\n\t\t\t<\/li>\n\t\t\t\t\t\t\t<li class=\"edgtf-pt-button\">\n\t\t\t\t\t<a itemprop=\"url\" href=\"https:\/\/api.whatsapp.com\/send\/?phone=5521967749904&#038;text=Informa\u00e7\u00f5es%20Sobre%20OLI%20SHOP%20-%20Plano%20Master\" target=\"_self\"  class=\"edgtf-btn edgtf-btn-medium edgtf-btn-solid\"  >    <span class=\"edgtf-btn-text\">Detalhes Sobre Esse Plano<\/span>    <\/a>\t\t\t\t<\/li>\t\t\t\t\n\t\t\t\t\t<\/ul>\n\t<\/div>\n<\/div><\/div><\/div>[\/vc_column_inner][\/vc_row_inner][\/vc_column][\/vc_row][vc_row css=&#8221;.vc_custom_1485168347128{padding-top: 45px !important;padding-bottom: 54px !important;background-color: #6b74e6 !important;}&#8221;][vc_column css=&#8221;.vc_custom_1485161852235{padding-top: 0px !important;}&#8221;]<div class=\"edgtf-call-to-action-holder  edgtf-normal-layout edgtf-content-in-grid edgtf-three-quarters-columns\">\n\t<div class=\"edgtf-cta-inner  edgtf-grid\">\n\t\t<div class=\"edgtf-cta-text-holder\">\n\t\t\t<div class=\"edgtf-cta-text\">\n<h5><span style=\"color: #ffffff; font-weight: 300;\">Preciso de um plano mais completo e com mais recursos para minha empresa. Necessito de conversar com um Consultor Especialista.<br \/>\n<\/span><\/h5>\n<\/div>\n\t\t<\/div>\n\t\t<div class=\"edgtf-cta-button-holder\" >\n\t\t\t<div class=\"edgtf-cta-button\"><a itemprop=\"url\" href=\"#\" target=\"_self\" style=\"color: #333333;background-color: #ffffff;border-color: #ffffff\" class=\"edgtf-btn edgtf-btn-medium edgtf-btn-solid\"  >    <span class=\"edgtf-btn-text\">Contatar Consultor Especialista<\/span>    <\/a><\/div>\n\t\t<\/div>\n\t<\/div>\n<\/div>[\/vc_column][\/vc_row][vc_row content_text_aligment=&#8221;center&#8221; css=&#8221;.vc_custom_1486114154383{padding-top: 87px !important;padding-bottom: 81px !important;}&#8221;][vc_column offset=&#8221;vc_col-lg-12&#8243; css=&#8221;.vc_custom_1485172304881{padding-right: 6% !important;padding-left: 6% !important;}&#8221;][vc_row_inner row_content_width=&#8221;grid&#8221;][vc_column_inner width=&#8221;1\/2&#8243; offset=&#8221;vc_col-lg-2 vc_col-md-4&#8243;]<div class=\"edgtf-iwt clearfix edgtf-iwt-icon-top edgtf-iwt-icon-medium edgtf-iwt-center edgtf-iwt-underline\">\n\t<div class=\"edgtf-iwt-icon\">\n\t\t\t\t\t<a itemprop=\"url\" href=\"#\" target=\"_self\">\n\t\t\t\t\t\t\t\t\t    <span class=\"edgtf-icon-animation-holder\" style=\"transition-delay: 50ms;-webkit-transition-delay: 50ms;-moz-transition-delay: 50ms;-ms-transition-delay: 50ms\">\n    <span class=\"edgtf-icon-shortcode edgtf-circle edgtf-icon-animation edgtf-icon-medium\" style=\"width: 110px;height: 110px;line-height: 110px\" data-animation-delay=\"50\">\n                    <i class=\"edgtf-icon-font-awesome fa fa-desktop edgtf-icon-element\" style=\"\" ><\/i>            <\/span>\n    <\/span>\n\t\t\t\t\t\t\t\t<\/a>\n\t\t\t<\/div>\n\t\t\t<div class=\"edgtf-iwt-line\" ><\/div>\n\t\t<div class=\"edgtf-iwt-content\" style=\"padding-top: 27px\">\n\t\t\t\t\t<h4 class=\"edgtf-iwt-title\" style=\"color: #999999;margin-top: 27px\">\n\t\t\t\t\t\t\t\t\t<a itemprop=\"url\" href=\"#\" target=\"_self\">\n\t\t\t\t\t\t\t\t\t<span class=\"edgtf-iwt-title-text\">Plataforma Leve e<\/span>\n\t\t\t\t\t\t\t\t\t\t\t<span class=\"edgtf-iwt-title-description\">Muito Vers\u00e1til<\/span>\n\t\t\t\t\t\t\t\t\t\t\t\t\t\t<\/a>\n\t\t\t\t\t\t\t<\/h4>\n\t\t\t\t\t<\/div>\n<\/div>[vc_empty_space height=&#8221;30px&#8221;][\/vc_column_inner][vc_column_inner width=&#8221;1\/2&#8243; offset=&#8221;vc_col-lg-2 vc_col-md-4&#8243;]<div class=\"edgtf-iwt clearfix edgtf-iwt-icon-top edgtf-iwt-icon-medium edgtf-iwt-center edgtf-iwt-underline\">\n\t<div class=\"edgtf-iwt-icon\">\n\t\t\t\t\t<a itemprop=\"url\" href=\"#\" target=\"_self\">\n\t\t\t\t\t\t\t\t\t    <span class=\"edgtf-icon-animation-holder\" style=\"transition-delay: 50ms;-webkit-transition-delay: 50ms;-moz-transition-delay: 50ms;-ms-transition-delay: 50ms\">\n    <span class=\"edgtf-icon-shortcode edgtf-circle edgtf-icon-animation edgtf-icon-medium\" style=\"width: 110px;height: 110px;line-height: 110px\" data-animation-delay=\"50\">\n                    <i class=\"edgtf-icon-simple-line-icon icon-like edgtf-icon-element\" style=\"\" ><\/i>            <\/span>\n    <\/span>\n\t\t\t\t\t\t\t\t<\/a>\n\t\t\t<\/div>\n\t\t\t<div class=\"edgtf-iwt-line\" ><\/div>\n\t\t<div class=\"edgtf-iwt-content\" style=\"padding-top: 27px\">\n\t\t\t\t\t<h4 class=\"edgtf-iwt-title\" style=\"color: #999999;margin-top: 27px\">\n\t\t\t\t\t\t\t\t\t<a itemprop=\"url\" href=\"#\" target=\"_self\">\n\t\t\t\t\t\t\t\t\t<span class=\"edgtf-iwt-title-text\">Plataforma Intuitiva e<\/span>\n\t\t\t\t\t\t\t\t\t\t\t<span class=\"edgtf-iwt-title-description\">F\u00e1cil de usar<\/span>\n\t\t\t\t\t\t\t\t\t\t\t\t\t\t<\/a>\n\t\t\t\t\t\t\t<\/h4>\n\t\t\t\t\t<\/div>\n<\/div>[vc_empty_space height=&#8221;30px&#8221;][\/vc_column_inner][vc_column_inner width=&#8221;1\/2&#8243; offset=&#8221;vc_col-lg-2 vc_col-md-4&#8243;]<div class=\"edgtf-iwt clearfix edgtf-iwt-icon-top edgtf-iwt-icon-medium edgtf-iwt-center edgtf-iwt-underline\">\n\t<div class=\"edgtf-iwt-icon\">\n\t\t\t\t\t<a itemprop=\"url\" href=\"#\" target=\"_self\">\n\t\t\t\t\t\t\t\t\t    <span class=\"edgtf-icon-animation-holder\" style=\"transition-delay: 50ms;-webkit-transition-delay: 50ms;-moz-transition-delay: 50ms;-ms-transition-delay: 50ms\">\n    <span class=\"edgtf-icon-shortcode edgtf-circle edgtf-icon-animation edgtf-icon-medium\" style=\"width: 110px;height: 110px;line-height: 110px\" data-animation-delay=\"50\">\n                    <i class=\"edgtf-icon-font-awesome fa fa-television edgtf-icon-element\" style=\"\" ><\/i>            <\/span>\n    <\/span>\n\t\t\t\t\t\t\t\t<\/a>\n\t\t\t<\/div>\n\t\t\t<div class=\"edgtf-iwt-line\" ><\/div>\n\t\t<div class=\"edgtf-iwt-content\" style=\"padding-top: 27px\">\n\t\t\t\t\t<h4 class=\"edgtf-iwt-title\" style=\"color: #999999;margin-top: 27px\">\n\t\t\t\t\t\t\t\t\t<a itemprop=\"url\" href=\"#\" target=\"_self\">\n\t\t\t\t\t\t\t\t\t<span class=\"edgtf-iwt-title-text\">Totalmente Responsiva<\/span>\n\t\t\t\t\t\t\t\t\t\t\t<span class=\"edgtf-iwt-title-description\">Layout Moderno<\/span>\n\t\t\t\t\t\t\t\t\t\t\t\t\t\t<\/a>\n\t\t\t\t\t\t\t<\/h4>\n\t\t\t\t\t<\/div>\n<\/div>[vc_empty_space height=&#8221;30px&#8221;][\/vc_column_inner][vc_column_inner width=&#8221;1\/2&#8243; offset=&#8221;vc_col-lg-2 vc_col-md-4&#8243;]<div class=\"edgtf-iwt clearfix edgtf-iwt-icon-top edgtf-iwt-icon-medium edgtf-iwt-center edgtf-iwt-underline\">\n\t<div class=\"edgtf-iwt-icon\">\n\t\t\t\t\t<a itemprop=\"url\" href=\"#\" target=\"_self\">\n\t\t\t\t\t\t\t\t\t    <span class=\"edgtf-icon-animation-holder\" style=\"transition-delay: 50ms;-webkit-transition-delay: 50ms;-moz-transition-delay: 50ms;-ms-transition-delay: 50ms\">\n    <span class=\"edgtf-icon-shortcode edgtf-circle edgtf-icon-animation edgtf-icon-medium\" style=\"width: 110px;height: 110px;line-height: 110px\" data-animation-delay=\"50\">\n                    <i class=\"edgtf-icon-et-line icon-presentation edgtf-icon-element\" style=\"\" ><\/i>            <\/span>\n    <\/span>\n\t\t\t\t\t\t\t\t<\/a>\n\t\t\t<\/div>\n\t\t\t<div class=\"edgtf-iwt-line\" ><\/div>\n\t\t<div class=\"edgtf-iwt-content\" style=\"padding-top: 27px\">\n\t\t\t\t\t<h4 class=\"edgtf-iwt-title\" style=\"color: #999999;margin-top: 27px\">\n\t\t\t\t\t\t\t\t\t<a itemprop=\"url\" href=\"#\" target=\"_self\">\n\t\t\t\t\t\t\t\t\t<span class=\"edgtf-iwt-title-text\">Para Projetos que<\/span>\n\t\t\t\t\t\t\t\t\t\t\t<span class=\"edgtf-iwt-title-description\">Necessitam de Escalabilidade<\/span>\n\t\t\t\t\t\t\t\t\t\t\t\t\t\t<\/a>\n\t\t\t\t\t\t\t<\/h4>\n\t\t\t\t\t<\/div>\n<\/div>[vc_empty_space height=&#8221;30px&#8221;][\/vc_column_inner][vc_column_inner width=&#8221;1\/2&#8243; offset=&#8221;vc_col-lg-2 vc_col-md-4&#8243;]<div class=\"edgtf-iwt clearfix edgtf-iwt-icon-top edgtf-iwt-icon-medium edgtf-iwt-center edgtf-iwt-underline\">\n\t<div class=\"edgtf-iwt-icon\">\n\t\t\t\t\t<a itemprop=\"url\" href=\"#\" target=\"_self\">\n\t\t\t\t\t\t\t\t\t    <span class=\"edgtf-icon-animation-holder\" style=\"transition-delay: 50ms;-webkit-transition-delay: 50ms;-moz-transition-delay: 50ms;-ms-transition-delay: 50ms\">\n    <span class=\"edgtf-icon-shortcode edgtf-circle edgtf-icon-animation edgtf-icon-medium\" style=\"width: 110px;height: 110px;line-height: 110px\" data-animation-delay=\"50\">\n                    <i class=\"edgtf-icon-simple-line-icon icon-basket-loaded edgtf-icon-element\" style=\"\" ><\/i>            <\/span>\n    <\/span>\n\t\t\t\t\t\t\t\t<\/a>\n\t\t\t<\/div>\n\t\t\t<div class=\"edgtf-iwt-line\" ><\/div>\n\t\t<div class=\"edgtf-iwt-content\" style=\"padding-top: 27px\">\n\t\t\t\t\t<h4 class=\"edgtf-iwt-title\" style=\"color: #999999;margin-top: 27px\">\n\t\t\t\t\t\t\t\t\t<a itemprop=\"url\" href=\"#\" target=\"_self\">\n\t\t\t\t\t\t\t\t\t<span class=\"edgtf-iwt-title-text\">Modelo de Neg\u00f3cios<\/span>\n\t\t\t\t\t\t\t\t\t\t\t<span class=\"edgtf-iwt-title-description\">B2B e B2C<\/span>\n\t\t\t\t\t\t\t\t\t\t\t\t\t\t<\/a>\n\t\t\t\t\t\t\t<\/h4>\n\t\t\t\t\t<\/div>\n<\/div>[vc_empty_space height=&#8221;30px&#8221;][\/vc_column_inner][vc_column_inner width=&#8221;1\/2&#8243; offset=&#8221;vc_col-lg-2 vc_col-md-4&#8243;]<div class=\"edgtf-iwt clearfix edgtf-iwt-icon-top edgtf-iwt-icon-medium edgtf-iwt-center edgtf-iwt-underline\">\n\t<div class=\"edgtf-iwt-icon\">\n\t\t\t\t\t<a itemprop=\"url\" href=\"#\" target=\"_self\">\n\t\t\t\t\t\t\t\t\t    <span class=\"edgtf-icon-animation-holder\" style=\"transition-delay: 50ms;-webkit-transition-delay: 50ms;-moz-transition-delay: 50ms;-ms-transition-delay: 50ms\">\n    <span class=\"edgtf-icon-shortcode edgtf-circle edgtf-icon-animation edgtf-icon-medium\" style=\"width: 110px;height: 110px;line-height: 110px\" data-animation-delay=\"50\">\n                    <i class=\"edgtf-icon-font-awesome fa fa-connectdevelop edgtf-icon-element\" style=\"\" ><\/i>            <\/span>\n    <\/span>\n\t\t\t\t\t\t\t\t<\/a>\n\t\t\t<\/div>\n\t\t\t<div class=\"edgtf-iwt-line\" ><\/div>\n\t\t<div class=\"edgtf-iwt-content\" style=\"padding-top: 27px\">\n\t\t\t\t\t<h4 class=\"edgtf-iwt-title\" style=\"color: #999999;margin-top: 27px\">\n\t\t\t\t\t\t\t\t\t<a itemprop=\"url\" href=\"#\" target=\"_self\">\n\t\t\t\t\t\t\t\t\t<span class=\"edgtf-iwt-title-text\">Integra\u00e7\u00f5es Diversas<\/span>\n\t\t\t\t\t\t\t\t\t\t\t<span class=\"edgtf-iwt-title-description\">Marketplaces, ERP e CRM<\/span>\n\t\t\t\t\t\t\t\t\t\t\t\t\t\t<\/a>\n\t\t\t\t\t\t\t<\/h4>\n\t\t\t\t\t<\/div>\n<\/div>[vc_empty_space height=&#8221;30px&#8221;][\/vc_column_inner][\/vc_row_inner][\/vc_column][\/vc_row][vc_row][vc_column][\/vc_column][\/vc_row][vc_row][vc_column][\/vc_column][\/vc_row]<\/p>\n","protected":false},"excerpt":{"rendered":"<p> [&hellip;]<\/p>\n","protected":false},"author":1,"featured_media":0,"parent":0,"menu_order":0,"comment_status":"closed","ping_status":"closed","template":"full-width.php","meta":{"footnotes":""},"uagb_featured_image_src":{"full":false,"thumbnail":false,"medium":false,"medium_large":false,"large":false,"1536x1536":false,"2048x2048":false,"fluid_edge_image_square":false,"fluid_edge_image_landscape":false,"fluid_edge_image_portrait":false,"fluid_edge_image_huge":false,"woocommerce_thumbnail":false,"woocommerce_single":false,"woocommerce_gallery_thumbnail":false,"shop_catalog":false,"shop_single":false,"shop_thumbnail":false},"uagb_author_info":{"display_name":"admineoliveira","author_link":"https:\/\/www.oliconsultoria.com.br\/site\/author\/admineoliveira\/"},"uagb_comment_info":0,"uagb_excerpt":"[&hellip;]","_links":{"self":[{"href":"https:\/\/www.oliconsultoria.com.br\/site\/wp-json\/wp\/v2\/pages\/6473"}],"collection":[{"href":"https:\/\/www.oliconsultoria.com.br\/site\/wp-json\/wp\/v2\/pages"}],"about":[{"href":"https:\/\/www.oliconsultoria.com.br\/site\/wp-json\/wp\/v2\/types\/page"}],"author":[{"embeddable":true,"href":"https:\/\/www.oliconsultoria.com.br\/site\/wp-json\/wp\/v2\/users\/1"}],"replies":[{"embeddable":true,"href":"https:\/\/www.oliconsultoria.com.br\/site\/wp-json\/wp\/v2\/comments?post=6473"}],"version-history":[{"count":91,"href":"https:\/\/www.oliconsultoria.com.br\/site\/wp-json\/wp\/v2\/pages\/6473\/revisions"}],"predecessor-version":[{"id":11748,"href":"https:\/\/www.oliconsultoria.com.br\/site\/wp-json\/wp\/v2\/pages\/6473\/revisions\/11748"}],"wp:attachment":[{"href":"https:\/\/www.oliconsultoria.com.br\/site\/wp-json\/wp\/v2\/media?parent=6473"}],"curies":[{"name":"wp","href":"https:\/\/api.w.org\/{rel}","templated":true}]}}