{"id":6104,"date":"2017-01-31T09:56:46","date_gmt":"2017-01-31T09:56:46","guid":{"rendered":"http:\/\/fluid.edge-themes.com\/?page_id=6104"},"modified":"2023-08-17T20:39:21","modified_gmt":"2023-08-17T23:39:21","slug":"como-fazemos","status":"publish","type":"page","link":"https:\/\/www.oliconsultoria.com.br\/site\/como-fazemos\/","title":{"rendered":"Como Fazemos"},"content":{"rendered":"<p>[vc_row content_text_aligment=&#8221;center&#8221;][vc_column]<div class=\"edgtf-parallax-holder edgtf-vertical-middle-align edgtf-disabled-parallax-on-touch\" data-parallax-speed=\"1\" style=\"background-image: url(https:\/\/www.oliconsultoria.com.br\/site\/wp-content\/uploads\/2017\/01\/p3-title-img-1.jpg);min-height: 695px;height: 695px\">\n\t<div class=\"edgtf-parallax-inner\">\n\t\t[vc_empty_space height=&#8221;68px&#8221;][vc_row_inner row_content_width=&#8221;grid&#8221; content_text_aligment=&#8221;center&#8221; css=&#8221;.vc_custom_1485869102135{padding-top: 57px !important;}&#8221;][vc_column_inner offset=&#8221;vc_col-lg-offset-2 vc_col-lg-8 vc_col-md-offset-0 vc_col-sm-offset-0&#8243;]<h2 class=\"edgtf-custom-font-holder\" style=\"font-family: Poppins;font-size: 60px;text-align: center;color: #ffffff\" data-font-size=60>\n\tOferecemos resultados efetivos para os projetos de nossos clientes.<\/h2><div class=\"edgtf-section-title-holder\" >\n\t\t\t\t<p class=\"edgtf-st-text\" style=\"color: #ffffff;font-size: 18px;margin-top: 1px\">Saiba como fazemos.<\/p>\n\t<\/div>[vc_empty_space height=&#8221;68px&#8221;][\/vc_column_inner][\/vc_row_inner]\t<\/div>\n<\/div>\n[\/vc_column][\/vc_row][vc_row row_content_width=&#8221;grid&#8221; content_text_aligment=&#8221;center&#8221; css=&#8221;.vc_custom_1485859947695{padding-top: 110px !important;}&#8221;][vc_column]<div class=\"edgtf-section-title-holder\" >\n\t\t\t<h2 class=\"edgtf-st-title\" >\n\t\t\t<span>Como fazemos? Valorizamos todos os recursos de nossos clientes<\/span>\n\t\t<\/h2>\n\t\t<\/div>[vc_empty_space height=&#8221;20px&#8221;][\/vc_column][\/vc_row][vc_row][vc_column][vc_empty_space height=&#8221;20px&#8221;][vc_column_text css_animation=&#8221;fadeIn&#8221; css=&#8221;.vc_custom_1590894463436{padding-right: 17% !important;padding-left: 17% !important;}&#8221;]<\/p>\n<h5 style=\"text-align: center;\">Temos por princ\u00edpios a honestidade, sinceridade e a transpar\u00eancia, estimulamos o empreendedorismo, alimentamos os sonhos e ajudamos a direcionar os planos de a\u00e7\u00e3o dos projetos que participamos para atingir os objetivos propostos.<\/h5>\n<p>[\/vc_column_text][vc_column_text css_animation=&#8221;fadeIn&#8221; css=&#8221;.vc_custom_1590883407867{padding-right: 17% !important;padding-left: 17% !important;}&#8221;]<\/p>\n<h5 style=\"text-align: center;\">Nos projetos corporativos que gerimos, temos por objetivo colaborar com nossos clientes para identificar e consolidar a cultura organizacional produtiva da empresa de forma que todos os esfor\u00e7os existentes sejam convergidos para o alcance dos objetivos corporativos e assim potencializar os resultados e minimizar os custos empregados.<\/h5>\n<p>[\/vc_column_text][vc_column_text css_animation=&#8221;fadeIn&#8221; css=&#8221;.vc_custom_1590883427161{padding-right: 17% !important;padding-left: 17% !important;}&#8221;]<\/p>\n<h5 style=\"text-align: center;\">A OLI Consultoria v\u00ea o tema \u201cCliente\u201d como foco central de todo neg\u00f3cio de sucesso, por isso destina olhares especiais para desenvolver estrat\u00e9gias que contemplem a gera\u00e7\u00e3o de valor nas rela\u00e7\u00f5es de seus clientes com o seu publico alvo.<\/h5>\n<p>[\/vc_column_text][vc_empty_space height=&#8221;30px&#8221;][vc_empty_space height=&#8221;30px&#8221;]<div class=\"edgtf-parallax-holder edgtf-vertical-middle-align edgtf-disabled-parallax-on-touch\" data-parallax-speed=\"1\" style=\"background-image: url(https:\/\/www.oliconsultoria.com.br\/site\/wp-content\/uploads\/2020\/05\/SocialMediaMarketing2.jpg);min-height: 984px;height: 984px\">\n\t<div class=\"edgtf-parallax-inner\">\n\t\t[vc_empty_space height=&#8221;30px&#8221;]<div class=\"edgtf-section-title-holder\" style=\"text-align: center\">\n\t\t\t\t<p class=\"edgtf-st-text\" style=\"color: #ffffff;font-size: 16px\">Nosso Diferencial<\/p>\n\t<\/div><h2 class=\"edgtf-custom-font-holder\" style=\"font-family: Poppins;font-size: 60px;text-align: center;color: #ffffff\" data-font-size=60>\n\tA OLI Consultoria tem uma metodologia toda especial para implantar projetos com sucesso.<\/h2>[vc_row_inner row_content_width=&#8221;grid&#8221;][vc_column_inner width=&#8221;2\/3&#8243; css=&#8221;.vc_custom_1485870213082{padding-right: 5% !important;padding-left: 5% !important;}&#8221; offset=&#8221;vc_col-lg-offset-0 vc_col-lg-4 vc_col-md-offset-0 vc_col-md-4 vc_col-sm-offset-2&#8243;]<div class=\"edgtf-iwt clearfix edgtf-iwt-icon-top edgtf-iwt-icon-medium edgtf-iwt-center\">\n\t<div class=\"edgtf-iwt-icon\">\n\t\t\t\t\t<a itemprop=\"url\" href=\"#\" target=\"_self\">\n\t\t\t\t\t\t\t\t\t    <span class=\"edgtf-icon-shortcode edgtf-circle edgtf-icon-medium\" style=\"width: 110px;height: 110px;line-height: 110px;background-color: rgba(255,255,255,0.07);border-style: solid;border-color: #cccccc;border-width: 1px\" data-hover-background-color=\"rgba(255,255,255,0.2)\" data-color=\"#ffffff\">\n                    <i class=\"edgtf-icon-simple-line-icon icon-people edgtf-icon-element\" style=\"color: #ffffff\" ><\/i>            <\/span>\n\t\t\t\t\t\t\t\t<\/a>\n\t\t\t<\/div>\n\t\t<div class=\"edgtf-iwt-content\" >\n\t\t\t\t\t<h5 class=\"edgtf-iwt-title\" style=\"color: #ffffff;margin-top: 12px\">\n\t\t\t\t\t\t\t\t\t<a itemprop=\"url\" href=\"#\" target=\"_self\">\n\t\t\t\t\t\t\t\t\t<span class=\"edgtf-iwt-title-text\">Pessoas<\/span>\n\t\t\t\t\t\t\t\t\t\t\t\t\t\t<\/a>\n\t\t\t\t\t\t\t<\/h5>\n\t\t\t\t\t\t\t<p class=\"edgtf-iwt-text\" style=\"color: #ffffff\">As empresas s\u00e3o formadas por pessoas. Portanto talentos motivados e com esfor\u00e7os convergidos na mesma dire\u00e7\u00e3o, potencializam os resultados de nossa corpora\u00e7\u00e3o.<\/p>\n\t\t\t<\/div>\n<\/div>[vc_empty_space height=&#8221;45px&#8221;][\/vc_column_inner][vc_column_inner width=&#8221;2\/3&#8243; css=&#8221;.vc_custom_1485870227249{padding-right: 5% !important;padding-left: 5% !important;}&#8221; offset=&#8221;vc_col-lg-offset-0 vc_col-lg-4 vc_col-md-offset-0 vc_col-md-4 vc_col-sm-offset-2&#8243;]<div class=\"edgtf-iwt clearfix edgtf-iwt-icon-top edgtf-iwt-icon-medium edgtf-iwt-center\">\n\t<div class=\"edgtf-iwt-icon\">\n\t\t\t\t\t<a itemprop=\"url\" href=\"#\" target=\"_self\">\n\t\t\t\t\t\t\t\t\t    <span class=\"edgtf-icon-shortcode edgtf-circle edgtf-icon-medium\" style=\"width: 110px;height: 110px;line-height: 110px;background-color: rgba(255,255,255,0.07);border-style: solid;border-color: #cccccc;border-width: 1px\" data-hover-background-color=\"rgba(255,255,255,0.2)\" data-color=\"#ffffff\">\n                    <i class=\"edgtf-icon-et-line icon-presentation edgtf-icon-element\" style=\"color: #ffffff\" ><\/i>            <\/span>\n\t\t\t\t\t\t\t\t<\/a>\n\t\t\t<\/div>\n\t\t<div class=\"edgtf-iwt-content\" >\n\t\t\t\t\t<h5 class=\"edgtf-iwt-title\" style=\"color: #ffffff;margin-top: 12px\">\n\t\t\t\t\t\t\t\t\t<a itemprop=\"url\" href=\"#\" target=\"_self\">\n\t\t\t\t\t\t\t\t\t<span class=\"edgtf-iwt-title-text\">Processos<\/span>\n\t\t\t\t\t\t\t\t\t\t\t\t\t\t<\/a>\n\t\t\t\t\t\t\t<\/h5>\n\t\t\t\t\t\t\t<p class=\"edgtf-iwt-text\" style=\"color: #ffffff\">Processos bem estruturados neutralizam os pontos cr\u00edticos e estimulam o capital intelectual corporativo, geram engajamento e valor percebido pelos nossos stakholders.<\/p>\n\t\t\t<\/div>\n<\/div>[vc_empty_space height=&#8221;45px&#8221;][\/vc_column_inner][vc_column_inner width=&#8221;2\/3&#8243; css=&#8221;.vc_custom_1485870239989{padding-right: 5% !important;padding-left: 5% !important;}&#8221; offset=&#8221;vc_col-lg-offset-0 vc_col-lg-4 vc_col-md-offset-0 vc_col-md-4 vc_col-sm-offset-2&#8243;]<div class=\"edgtf-iwt clearfix edgtf-iwt-icon-top edgtf-iwt-icon-medium edgtf-iwt-center\">\n\t<div class=\"edgtf-iwt-icon\">\n\t\t\t\t\t<a itemprop=\"url\" href=\"#\" target=\"_self\">\n\t\t\t\t\t\t\t\t\t    <span class=\"edgtf-icon-shortcode edgtf-circle edgtf-icon-medium\" style=\"width: 110px;height: 110px;line-height: 110px;background-color: rgba(255,255,255,0.07);border-style: solid;border-color: #cccccc;border-width: 1px\" data-hover-background-color=\"rgba(255,255,255,0.2)\" data-color=\"#ffffff\">\n                    <i class=\"edgtf-icon-linea-icon icon-basic-laptop edgtf-icon-element\" style=\"color: #ffffff\" ><\/i>            <\/span>\n\t\t\t\t\t\t\t\t<\/a>\n\t\t\t<\/div>\n\t\t<div class=\"edgtf-iwt-content\" >\n\t\t\t\t\t<h5 class=\"edgtf-iwt-title\" style=\"color: #ffffff;margin-top: 12px\">\n\t\t\t\t\t\t\t\t\t<a itemprop=\"url\" href=\"#\" target=\"_self\">\n\t\t\t\t\t\t\t\t\t<span class=\"edgtf-iwt-title-text\">Tecnologia<\/span>\n\t\t\t\t\t\t\t\t\t\t\t\t\t\t<\/a>\n\t\t\t\t\t\t\t<\/h5>\n\t\t\t\t\t\t\t<p class=\"edgtf-iwt-text\" style=\"color: #ffffff\">Conectividade e processos tecnol\u00f3gicos geram diferenciais competitivos e consolidam o posicionamento de mercado da nossa empresa e dos nossos neg\u00f3cios.<\/p>\n\t\t\t<\/div>\n<\/div>[vc_empty_space height=&#8221;45px&#8221;][\/vc_column_inner][\/vc_row_inner][vc_row_inner row_content_width=&#8221;grid&#8221; content_text_aligment=&#8221;center&#8221; css=&#8221;.vc_custom_1485867999786{padding-top: 6% !important;}&#8221;][vc_column_inner css=&#8221;.vc_custom_1485871553118{padding-right: 0% !important;padding-left: 0% !important;}&#8221; offset=&#8221;vc_col-lg-offset-2 vc_col-lg-8 vc_col-md-offset-0 vc_col-sm-offset-0&#8243;][\/vc_column_inner][\/vc_row_inner]\t<\/div>\n<\/div>\n[\/vc_column][\/vc_row][vc_row css=&#8221;.vc_custom_1486129974778{padding-top: 20px !important;background-color: #f5f5f5 !important;}&#8221;][vc_column css=&#8221;.vc_custom_1486129027443{padding-top: 0px !important;}&#8221;][vc_empty_space height=&#8221;70px&#8221;][vc_column_text css_animation=&#8221;fadeIn&#8221; css=&#8221;.vc_custom_1590892898844{padding-right: 17% !important;padding-left: 17% !important;}&#8221;]<\/p>\n<h5 style=\"text-align: center;\">A OLI Consultoria tem uma metodologia toda especial para implanta\u00e7\u00e3o de projetos de sucesso. Contempla em seu escopo a apura\u00e7\u00e3o das necessidades da empresa cliente para assim fazer uma customiza\u00e7\u00e3o personalizada do projeto que vai ser implementado no modelo de neg\u00f3cios em curso. Valorizamos essa etapa para atender a expectativa de maior rentabilidade do projeto. Toda a implanta\u00e7\u00e3o contempla cuidados em rela\u00e7\u00e3o \u00e0s potencialidades e limita\u00e7\u00f5es do capital intelectual corporativo da empresa cliente, estimulando as compet\u00eancias existentes e contribuindo para desenvolver as que forem ausentes e necess\u00e1rias.<\/h5>\n<p>[\/vc_column_text][vc_column_text css_animation=&#8221;fadeIn&#8221; css=&#8221;.vc_custom_1590895149415{padding-right: 17% !important;padding-left: 17% !important;}&#8221;]<\/p>\n<h5 style=\"text-align: center;\">Entendemos que em ambientes inst\u00e1veis e turbulentos, tudo fica mais dif\u00edcil, por isso temos o cuidado de ajustar os requisitos que o projeto demanda ao budget de nossos clientes e escalar o projeto com o reinvestimento dos resultados apurados.<\/h5>\n<p>[\/vc_column_text][vc_empty_space height=&#8221;70px&#8221;][vc_row_inner row_content_width=&#8221;grid&#8221; css=&#8221;.vc_custom_1486128914928{margin-top: 15px !important;margin-bottom: 15px !important;}&#8221;][vc_column_inner offset=&#8221;vc_col-lg-6 vc_col-md-6&#8243;]<div class=\"edgtf-inner-row-holder edgtf-grid-row  edgtf-grid-normal-gutter\"><div class=\"edgtf-irh-column  edgtf-grid-col-4\">\n\t[vc_column_text]<\/p>\n<h6>Receba Nossas Mat\u00e9rias<\/h6>\n<p style=\"font-size: 12px; line-height: 1px; font-weight: 300; margin: 0;\">Seja um assinante<\/p>\n<p>[\/vc_column_text][vc_empty_space height=&#8221;25px&#8221;]<\/div><div class=\"edgtf-irh-column  edgtf-grid-col-8\">\n\t<div class=\"edgtf-elements-holder edgtf-one-column edgtf-responsive-mode-768\" ><div class=\"edgtf-eh-item \"  data-item-class=\"edgtf-eh-custom-902637\" data-1024-1280=\"6% 32% 7% 0%\" data-600-768=\"0% 33% 0% 0%\" data-480=\"6% 6% 7% 0%\">\n\t<div class=\"edgtf-eh-item-inner\">\n\t\t<div class=\"edgtf-eh-item-content edgtf-eh-custom-902637\" style=\"padding: 6% 33% 7% 0%\">\n\t\t\t<div role=\"form\" class=\"wpcf7\" id=\"wpcf7-f2049-o1\" lang=\"en-US\" dir=\"ltr\">\n<div class=\"screen-reader-response\"><p role=\"status\" aria-live=\"polite\" aria-atomic=\"true\"><\/p> <ul><\/ul><\/div>\n<form action=\"\/site\/wp-json\/wp\/v2\/pages\/6104#wpcf7-f2049-o1\" method=\"post\" class=\"wpcf7-form init cf7_custom_style_4\" novalidate=\"novalidate\" data-status=\"init\">\n<div style=\"display: none;\">\n<input type=\"hidden\" name=\"_wpcf7\" value=\"2049\" \/>\n<input type=\"hidden\" name=\"_wpcf7_version\" value=\"5.4.2\" \/>\n<input type=\"hidden\" name=\"_wpcf7_locale\" value=\"en_US\" \/>\n<input type=\"hidden\" name=\"_wpcf7_unit_tag\" value=\"wpcf7-f2049-o1\" \/>\n<input type=\"hidden\" name=\"_wpcf7_container_post\" value=\"0\" \/>\n<input type=\"hidden\" name=\"_wpcf7_posted_data_hash\" value=\"\" \/>\n<\/div>\n<div class=\"edgtf-two-columns-form-without-space edgtf-newsletter-form clearfix\">\n<div class=\"edgtf-column-left\">\n<span class=\"wpcf7-form-control-wrap your-email\"><input type=\"email\" name=\"your-email\" value=\"\" size=\"40\" maxlength=\"100\" class=\"wpcf7-form-control wpcf7-text wpcf7-email wpcf7-validates-as-required wpcf7-validates-as-email\" aria-required=\"true\" aria-invalid=\"false\" placeholder=\"Insira Seu E-mail\" \/><\/span>\n<\/div>\n<div class=\"edgtf-column-right\">\n<input type=\"submit\" value=\"Enviar\" class=\"wpcf7-form-control wpcf7-submit\" \/>\n<\/div>\n<\/div>\n<div class=\"wpcf7-response-output\" aria-hidden=\"true\"><\/div><\/form><\/div>\t\t<\/div>\n\t<\/div>\n<\/div><\/div><\/div><\/div>[\/vc_column_inner][vc_column_inner offset=&#8221;vc_col-lg-6 vc_col-md-6&#8243;]<div class=\"edgtf-inner-row-holder edgtf-grid-row  edgtf-grid-normal-gutter\"><div class=\"edgtf-irh-column  edgtf-grid-col-6\">\n\t[vc_column_text]<\/p>\n<h6>Redes Sociais:    <span class=\"edgtf-icon-shortcode normal\" style=\"margin: 0 10px 0 10px;width: 18px;height: 18px;line-height: 18px\" data-hover-color=\"#6b74e6\" data-color=\"#acacac\">\n                    <a itemprop=\"url\" class=\"\" href=\"https:\/\/twitter.com\/\" target=\"_self\">\n                    <i class=\"edgtf-icon-ion-icon ion-social-twitter edgtf-icon-element\" style=\"color: #acacac\" ><\/i>                    <\/a>\n            <\/span>\n    <span class=\"edgtf-icon-shortcode normal\" style=\"margin: 0 10px 0 0;width: 18px;height: 18px;line-height: 18px\" data-hover-color=\"#6b74e6\" data-color=\"#acacac\">\n                    <a itemprop=\"url\" class=\"\" href=\"https:\/\/vimeo.com\/\" target=\"_self\">\n                    <i class=\"edgtf-icon-ion-icon ion-social-vimeo edgtf-icon-element\" style=\"color: #acacac\" ><\/i>                    <\/a>\n            <\/span>\n    <span class=\"edgtf-icon-shortcode normal\" style=\"margin: 0 0 0 0;width: 20px;height: 20px;line-height: 20px\" data-hover-color=\"#6b74e6\" data-color=\"#acacac\">\n                    <a itemprop=\"url\" class=\"\" href=\"https:\/\/www.facebook.com\/\" target=\"_self\">\n                    <i class=\"edgtf-icon-ion-icon ion-social-facebook edgtf-icon-element\" style=\"color: #acacac\" ><\/i>                    <\/a>\n            <\/span>\n    <span class=\"edgtf-icon-shortcode normal\" style=\"width: 20px;height: 20px;line-height: 20px\" data-hover-color=\"#6b74e6\" data-color=\"#acacac\">\n                    <a itemprop=\"url\" class=\"\" href=\"https:\/\/plus.google.com\/explore\" target=\"_self\">\n                    <i class=\"edgtf-icon-ion-icon ion-social-googleplus edgtf-icon-element\" style=\"color: #acacac\" ><\/i>                    <\/a>\n            <\/span>\n<\/h6>\n<p style=\"font-size: 12px; line-height: 1px; font-weight: 300;\">Aguardamos voc\u00ea em nossas redes sociais.<\/p>\n<p>[\/vc_column_text][vc_empty_space height=&#8221;25px&#8221;]<\/div><div class=\"edgtf-irh-column  edgtf-grid-col-6\">\n\t[vc_column_text]<\/p>\n<h6>Contato: <span style=\"font-weight: 300; color: #6b74e6;\">55 21 96567-63821<\/span><\/h6>\n<p style=\"font-size: 12px; line-height: 1px; font-weight: 300;\">Atendimento Telefone e WhatsAPP<\/p>\n<p>[\/vc_column_text][vc_empty_space height=&#8221;40px&#8221;]<\/div><\/div>[\/vc_column_inner][\/vc_row_inner][\/vc_column][\/vc_row][vc_row][vc_column][\/vc_column][\/vc_row]<\/p>\n","protected":false},"excerpt":{"rendered":"<p> [&hellip;]<\/p>\n","protected":false},"author":1,"featured_media":0,"parent":0,"menu_order":0,"comment_status":"closed","ping_status":"closed","template":"full-width.php","meta":{"footnotes":""},"uagb_featured_image_src":{"full":false,"thumbnail":false,"medium":false,"medium_large":false,"large":false,"1536x1536":false,"2048x2048":false,"fluid_edge_image_square":false,"fluid_edge_image_landscape":false,"fluid_edge_image_portrait":false,"fluid_edge_image_huge":false,"woocommerce_thumbnail":false,"woocommerce_single":false,"woocommerce_gallery_thumbnail":false,"shop_catalog":false,"shop_single":false,"shop_thumbnail":false},"uagb_author_info":{"display_name":"admineoliveira","author_link":"https:\/\/www.oliconsultoria.com.br\/site\/author\/admineoliveira\/"},"uagb_comment_info":0,"uagb_excerpt":"[&hellip;]","_links":{"self":[{"href":"https:\/\/www.oliconsultoria.com.br\/site\/wp-json\/wp\/v2\/pages\/6104"}],"collection":[{"href":"https:\/\/www.oliconsultoria.com.br\/site\/wp-json\/wp\/v2\/pages"}],"about":[{"href":"https:\/\/www.oliconsultoria.com.br\/site\/wp-json\/wp\/v2\/types\/page"}],"author":[{"embeddable":true,"href":"https:\/\/www.oliconsultoria.com.br\/site\/wp-json\/wp\/v2\/users\/1"}],"replies":[{"embeddable":true,"href":"https:\/\/www.oliconsultoria.com.br\/site\/wp-json\/wp\/v2\/comments?post=6104"}],"version-history":[{"count":80,"href":"https:\/\/www.oliconsultoria.com.br\/site\/wp-json\/wp\/v2\/pages\/6104\/revisions"}],"predecessor-version":[{"id":9635,"href":"https:\/\/www.oliconsultoria.com.br\/site\/wp-json\/wp\/v2\/pages\/6104\/revisions\/9635"}],"wp:attachment":[{"href":"https:\/\/www.oliconsultoria.com.br\/site\/wp-json\/wp\/v2\/media?parent=6104"}],"curies":[{"name":"wp","href":"https:\/\/api.w.org\/{rel}","templated":true}]}}