{"id":5780,"date":"2017-01-30T08:55:26","date_gmt":"2017-01-30T08:55:26","guid":{"rendered":"http:\/\/fluid.edge-themes.com\/?page_id=5780"},"modified":"2020-07-17T20:10:53","modified_gmt":"2020-07-17T23:10:53","slug":"quem-nos-somos","status":"publish","type":"page","link":"https:\/\/www.oliconsultoria.com.br\/site\/quem-nos-somos\/","title":{"rendered":"Quem N\u00f3s Somos"},"content":{"rendered":"<p>[vc_row css=&#8221;.vc_custom_1485769009316{padding-top: 86px !important;padding-bottom: 104px !important;background-color: #f5f5f5 !important;}&#8221;][vc_column][vc_row_inner row_content_width=&#8221;grid&#8221; content_text_aligment=&#8221;center&#8221;][vc_column_inner]<div class=\"edgtf-section-title-holder\" >\n\t\t\t<h2 class=\"edgtf-st-title\" >\n\t\t\t<span>Quem Somos<\/span>\n\t\t<\/h2>\n\t\t\t\t<p class=\"edgtf-st-text\" style=\"font-size: 18px;font-weight: 100\">A OLI Consultoria est\u00e1 no mercado desde 2010, ajudando a construir sonhos, boas rela\u00e7\u00f5es, projetos e empresas, com muito orgulho e sem abrir m\u00e3o de seus valores e princ\u00edpios \u00e9ticos. Temos uma posi\u00e7\u00e3o bem consolidada e amadurecida no que diz respeito a preserva\u00e7\u00e3o de relacionamentos com nossos colaboradores, parceiros, clientes e amigos de nossa organiza\u00e7\u00e3o.<\/p>\n\t<\/div>[vc_empty_space]<div class=\"edgtf-section-title-holder\" >\n\t\t\t\t<p class=\"edgtf-st-text\" style=\"font-size: 18px;font-weight: 100\">Nosso principio \u00e9 agir com \u00e9tica, transpar\u00eancia, profissionalismo e honestidade, sempre respeitando a individualidade de todos, mas agregando esfor\u00e7os, id\u00e9ias, princ\u00edpios bons, pontos de vista e principalmente agregando pessoas e empresas em objetivos virtuosos.<\/p>\n\t<\/div>[vc_empty_space][vc_column_text]<\/p>\n<blockquote><p><em>Temos o orgulho de relatar que tivemos o privil\u00e9gio de poder ajudar a diversas empresas a darem vida \u00e0 seus projetos e a diversos projetos a darem vida e for\u00e7a \u00e0s suas empresas.<\/em><\/p><\/blockquote>\n<p>[\/vc_column_text][vc_empty_space]<div class=\"edgtf-section-title-holder\" >\n\t\t\t\t<p class=\"edgtf-st-text\" style=\"font-size: 18px;font-weight: 300\">A OLI Consultoria tem por objetivo ajudar aos seus clientes a refletirem em ambientes empresariais inst\u00e1veis, para perceberem o novo cen\u00e1rio em que suas empresas est\u00e3o inseridas, para assim com a\u00e7\u00f5es pontuais e efetivas, torn\u00e1-las mais competitivas com um novo ciclo de processo de inova\u00e7\u00e3o e cria\u00e7\u00e3o de diferenciais competitivos.<\/p>\n\t<\/div>[\/vc_column_inner][\/vc_row_inner][\/vc_column][\/vc_row][vc_row row_content_width=&#8221;grid&#8221; css=&#8221;.vc_custom_1485770905775{padding-top: 114px !important;padding-bottom: 56px !important;}&#8221;][vc_column offset=&#8221;vc_col-lg-4 vc_col-md-4&#8243;][vc_single_image image=&#8221;8427&#8243; img_size=&#8221;full&#8221; onclick=&#8221;custom_link&#8221; link=&#8221;#&#8221;][vc_empty_space height=&#8221;20px&#8221;][vc_column_text]<\/p>\n<h5>Proposta de Inova\u00e7\u00e3o<\/h5>\n<p>[\/vc_column_text][vc_empty_space height=&#8221;10px&#8221;][vc_column_text]A OLI Consultoria destaca nos projetos de seus clientes um objetivo principal que \u00e9 um posicionamento de mercado vantajoso e a frente da concorr\u00eancia, apoiado nas propostas de inova\u00e7\u00e3o.[\/vc_column_text][vc_empty_space height=&#8221;55px&#8221;][\/vc_column][vc_column offset=&#8221;vc_col-lg-4 vc_col-md-4&#8243;][vc_single_image image=&#8221;8428&#8243; img_size=&#8221;full&#8221; onclick=&#8221;custom_link&#8221; link=&#8221;#&#8221;][vc_empty_space height=&#8221;20px&#8221;][vc_column_text]<\/p>\n<h5>Diferencial Competitivo<\/h5>\n<p>[\/vc_column_text][vc_empty_space height=&#8221;10px&#8221;][vc_column_text]A OLI Consultoria entende que o diferencial competitivo \u00e9 um insumo da perpetua\u00e7\u00e3o da organiza\u00e7\u00e3o em um mercado altamente inst\u00e1vel.[\/vc_column_text][vc_empty_space height=&#8221;55px&#8221;][\/vc_column][vc_column offset=&#8221;vc_col-lg-4 vc_col-md-4&#8243;][vc_single_image image=&#8221;8432&#8243; img_size=&#8221;full&#8221; onclick=&#8221;custom_link&#8221; link=&#8221;#&#8221;][vc_empty_space height=&#8221;20px&#8221;][vc_column_text]<\/p>\n<h5>Conectividade<\/h5>\n<p>[\/vc_column_text][vc_empty_space height=&#8221;10px&#8221;][vc_column_text]A OLI Consultoria refor\u00e7a que a conectividade \u00e9 o principal atributo na forma\u00e7\u00e3o de diferencial competitivo das empresas e na proposta de gera\u00e7\u00e3o de valor.[\/vc_column_text][vc_empty_space height=&#8221;55px&#8221;][\/vc_column][\/vc_row][vc_row css=&#8221;.vc_custom_1485769009316{padding-top: 86px !important;padding-bottom: 104px !important;background-color: #f5f5f5 !important;}&#8221;][vc_column][vc_row_inner row_content_width=&#8221;grid&#8221; content_text_aligment=&#8221;center&#8221;][vc_column_inner]<div class=\"edgtf-section-title-holder\" >\n\t\t\t\t<p class=\"edgtf-st-text\" style=\"font-size: 30px;font-weight: 300\">Contamos com uma equipe motivada e com m\u00faltiplas compet\u00eancias com profissionais altamente capacitados e envolvidos na miss\u00e3o da nossa empresa.<\/p>\n\t<\/div>[\/vc_column_inner][\/vc_row_inner][\/vc_column][\/vc_row][vc_row row_content_width=&#8221;grid&#8221; content_text_aligment=&#8221;center&#8221; css=&#8221;.vc_custom_1486113417743{padding-top: 113px !important;padding-bottom: 15px !important;}&#8221;][vc_column offset=&#8221;vc_col-lg-12&#8243; css=&#8221;.vc_custom_1486113343667{padding-right: 0px !important;padding-left: 0px !important;}&#8221;]<div class=\"edgtf-section-title-holder\" style=\"padding: 0 22%\">\n\t\t\t<h2 class=\"edgtf-st-title\" >\n\t\t\t<span>Tecnologia + Processos + Pessoas = Transforma\u00e7\u00e3o<\/span>\n\t\t<\/h2>\n\t\t\t\t<p class=\"edgtf-st-text\" style=\"font-size: 16px;line-height: 30px;margin-top: 21px\">Entendemos que temos responsabilidades com os stakholders da nossa empresa e estamos sempre prontos para defender seus interesses e n\u00e3o poupamos esfor\u00e7os para apresentar resultados que sejam sempre satisfat\u00f3rios.<\/p>\n\t<\/div>[vc_empty_space height=&#8221;40px&#8221;][vc_single_image image=&#8221;8436&#8243; img_size=&#8221;full&#8221;][vc_empty_space height=&#8221;40px&#8221;][vc_empty_space height=&#8221;40px&#8221;][vc_column_text]<\/p>\n<h5>\u00c1reas do conhecimento que formam compet\u00eancias e nossa intelig\u00eancia corporativa<\/h5>\n<p>[\/vc_column_text][vc_empty_space height=&#8221;40px&#8221;][\/vc_column][\/vc_row][vc_row row_content_width=&#8221;grid&#8221; content_text_aligment=&#8221;center&#8221; css=&#8221;.vc_custom_1486379812453{padding-bottom: 70px !important;}&#8221;][vc_column offset=&#8221;vc_col-lg-12&#8243; css=&#8221;.vc_custom_1486113136605{padding-right: 6% !important;padding-left: 6% !important;}&#8221;][vc_row_inner][vc_column_inner width=&#8221;1\/2&#8243; offset=&#8221;vc_col-lg-2&#8243;]<div class=\"edgtf-iwt clearfix edgtf-iwt-icon-top edgtf-iwt-icon-medium edgtf-iwt-center edgtf-iwt-underline\">\n\t<div class=\"edgtf-iwt-icon\">\n\t\t\t\t\t<a itemprop=\"url\" href=\"#\" target=\"_self\">\n\t\t\t\t\t\t\t\t\t    <span class=\"edgtf-icon-shortcode edgtf-normal\"  data-color=\"#666666\">\n                    <i class=\"edgtf-icon-et-line icon-briefcase edgtf-icon-element\" style=\"color: #666666;font-size:35px\" ><\/i>            <\/span>\n\t\t\t\t\t\t\t\t<\/a>\n\t\t\t<\/div>\n\t\t\t<div class=\"edgtf-iwt-line\" style=\"background-color: #666666\"><\/div>\n\t\t<div class=\"edgtf-iwt-content\" style=\"padding-top: 7px\">\n\t\t\t\t\t<p class=\"edgtf-iwt-title\" style=\"margin-top: 17px\">\n\t\t\t\t\t\t\t\t\t<a itemprop=\"url\" href=\"#\" target=\"_self\">\n\t\t\t\t\t\t\t\t\t<span class=\"edgtf-iwt-title-text\">Administra\u00e7\u00e3o<\/span>\n\t\t\t\t\t\t\t\t\t\t\t\t\t\t<\/a>\n\t\t\t\t\t\t\t<\/p>\n\t\t\t\t\t<\/div>\n<\/div>[vc_empty_space height=&#8221;30px&#8221;]<div class=\"edgtf-iwt clearfix edgtf-iwt-icon-top edgtf-iwt-icon-medium edgtf-iwt-center edgtf-iwt-underline\">\n\t<div class=\"edgtf-iwt-icon\">\n\t\t\t\t\t<a itemprop=\"url\" href=\"#\" target=\"_self\">\n\t\t\t\t\t\t\t\t\t    <span class=\"edgtf-icon-shortcode edgtf-normal\"  data-color=\"#666666\">\n                    <i class=\"edgtf-icon-et-line icon-strategy edgtf-icon-element\" style=\"color: #666666;font-size:35px\" ><\/i>            <\/span>\n\t\t\t\t\t\t\t\t<\/a>\n\t\t\t<\/div>\n\t\t\t<div class=\"edgtf-iwt-line\" style=\"background-color: #666666\"><\/div>\n\t\t<div class=\"edgtf-iwt-content\" style=\"padding-top: 7px\">\n\t\t\t\t\t<p class=\"edgtf-iwt-title\" style=\"margin-top: 17px\">\n\t\t\t\t\t\t\t\t\t<a itemprop=\"url\" href=\"#\" target=\"_self\">\n\t\t\t\t\t\t\t\t\t<span class=\"edgtf-iwt-title-text\">Gest\u00e3o de Pessoas<\/span>\n\t\t\t\t\t\t\t\t\t\t\t\t\t\t<\/a>\n\t\t\t\t\t\t\t<\/p>\n\t\t\t\t\t<\/div>\n<\/div>[vc_empty_space height=&#8221;30px&#8221;][\/vc_column_inner][vc_column_inner width=&#8221;1\/2&#8243; offset=&#8221;vc_col-lg-2&#8243;]<div class=\"edgtf-iwt clearfix edgtf-iwt-icon-top edgtf-iwt-icon-medium edgtf-iwt-center edgtf-iwt-underline\">\n\t<div class=\"edgtf-iwt-icon\">\n\t\t\t\t\t<a itemprop=\"url\" href=\"#\" target=\"_self\">\n\t\t\t\t\t\t\t\t\t    <span class=\"edgtf-icon-shortcode edgtf-normal\"  data-color=\"#666666\">\n                    <i class=\"edgtf-icon-et-line icon-target edgtf-icon-element\" style=\"color: #666666;font-size:35px\" ><\/i>            <\/span>\n\t\t\t\t\t\t\t\t<\/a>\n\t\t\t<\/div>\n\t\t\t<div class=\"edgtf-iwt-line\" style=\"background-color: #666666\"><\/div>\n\t\t<div class=\"edgtf-iwt-content\" style=\"padding-top: 7px\">\n\t\t\t\t\t<p class=\"edgtf-iwt-title\" style=\"margin-top: 17px\">\n\t\t\t\t\t\t\t\t\t<a itemprop=\"url\" href=\"#\" target=\"_self\">\n\t\t\t\t\t\t\t\t\t<span class=\"edgtf-iwt-title-text\">Marketing<\/span>\n\t\t\t\t\t\t\t\t\t\t\t\t\t\t<\/a>\n\t\t\t\t\t\t\t<\/p>\n\t\t\t\t\t<\/div>\n<\/div>[vc_empty_space height=&#8221;30px&#8221;]<div class=\"edgtf-iwt clearfix edgtf-iwt-icon-top edgtf-iwt-icon-medium edgtf-iwt-center edgtf-iwt-underline\">\n\t<div class=\"edgtf-iwt-icon\">\n\t\t\t\t\t<a itemprop=\"url\" href=\"#\" target=\"_self\">\n\t\t\t\t\t\t\t\t\t    <span class=\"edgtf-icon-shortcode edgtf-normal\"  data-color=\"#666666\">\n                    <i class=\"edgtf-icon-et-line icon-presentation edgtf-icon-element\" style=\"color: #666666;font-size:35px\" ><\/i>            <\/span>\n\t\t\t\t\t\t\t\t<\/a>\n\t\t\t<\/div>\n\t\t\t<div class=\"edgtf-iwt-line\" style=\"background-color: #666666\"><\/div>\n\t\t<div class=\"edgtf-iwt-content\" style=\"padding-top: 7px\">\n\t\t\t\t\t<p class=\"edgtf-iwt-title\" style=\"margin-top: 17px\">\n\t\t\t\t\t\t\t\t\t<a itemprop=\"url\" href=\"#\" target=\"_self\">\n\t\t\t\t\t\t\t\t\t<span class=\"edgtf-iwt-title-text\">Ger\u00eancia de Projetos<\/span>\n\t\t\t\t\t\t\t\t\t\t\t\t\t\t<\/a>\n\t\t\t\t\t\t\t<\/p>\n\t\t\t\t\t<\/div>\n<\/div>[vc_empty_space height=&#8221;30px&#8221;][\/vc_column_inner][vc_column_inner width=&#8221;1\/2&#8243; offset=&#8221;vc_col-lg-2&#8243;]<div class=\"edgtf-iwt clearfix edgtf-iwt-icon-top edgtf-iwt-icon-medium edgtf-iwt-center edgtf-iwt-underline\">\n\t<div class=\"edgtf-iwt-icon\">\n\t\t\t\t\t<a itemprop=\"url\" href=\"#\" target=\"_self\">\n\t\t\t\t\t\t\t\t\t    <span class=\"edgtf-icon-shortcode edgtf-normal\"  data-color=\"#666666\">\n                    <i class=\"edgtf-icon-et-line icon-chat edgtf-icon-element\" style=\"color: #666666;font-size:35px\" ><\/i>            <\/span>\n\t\t\t\t\t\t\t\t<\/a>\n\t\t\t<\/div>\n\t\t\t<div class=\"edgtf-iwt-line\" style=\"background-color: #666666\"><\/div>\n\t\t<div class=\"edgtf-iwt-content\" style=\"padding-top: 7px\">\n\t\t\t\t\t<p class=\"edgtf-iwt-title\" style=\"margin-top: 17px\">\n\t\t\t\t\t\t\t\t\t<a itemprop=\"url\" href=\"#\" target=\"_self\">\n\t\t\t\t\t\t\t\t\t<span class=\"edgtf-iwt-title-text\">Marketing Digital<\/span>\n\t\t\t\t\t\t\t\t\t\t\t\t\t\t<\/a>\n\t\t\t\t\t\t\t<\/p>\n\t\t\t\t\t<\/div>\n<\/div>[vc_empty_space height=&#8221;30px&#8221;]<div class=\"edgtf-iwt clearfix edgtf-iwt-icon-top edgtf-iwt-icon-medium edgtf-iwt-center edgtf-iwt-underline\">\n\t<div class=\"edgtf-iwt-icon\">\n\t\t\t\t\t<a itemprop=\"url\" href=\"#\" target=\"_self\">\n\t\t\t\t\t\t\t\t\t    <span class=\"edgtf-icon-shortcode edgtf-normal\"  data-color=\"#666666\">\n                    <i class=\"edgtf-icon-et-line icon-clock edgtf-icon-element\" style=\"color: #666666;font-size:35px\" ><\/i>            <\/span>\n\t\t\t\t\t\t\t\t<\/a>\n\t\t\t<\/div>\n\t\t\t<div class=\"edgtf-iwt-line\" style=\"background-color: #666666\"><\/div>\n\t\t<div class=\"edgtf-iwt-content\" style=\"padding-top: 7px\">\n\t\t\t\t\t<p class=\"edgtf-iwt-title\" style=\"margin-top: 17px\">\n\t\t\t\t\t\t\t\t\t<a itemprop=\"url\" href=\"#\" target=\"_self\">\n\t\t\t\t\t\t\t\t\t<span class=\"edgtf-iwt-title-text\">Log\u00edstica<\/span>\n\t\t\t\t\t\t\t\t\t\t\t\t\t\t<\/a>\n\t\t\t\t\t\t\t<\/p>\n\t\t\t\t\t<\/div>\n<\/div>[vc_empty_space height=&#8221;30px&#8221;][\/vc_column_inner][vc_column_inner width=&#8221;1\/2&#8243; offset=&#8221;vc_col-lg-2&#8243;]<div class=\"edgtf-iwt clearfix edgtf-iwt-icon-top edgtf-iwt-icon-medium edgtf-iwt-center edgtf-iwt-underline\">\n\t<div class=\"edgtf-iwt-icon\">\n\t\t\t\t\t<a itemprop=\"url\" href=\"#\" target=\"_self\">\n\t\t\t\t\t\t\t\t\t    <span class=\"edgtf-icon-shortcode edgtf-normal\"  data-color=\"#666666\">\n                    <i class=\"edgtf-icon-et-line icon-hotairballoon edgtf-icon-element\" style=\"color: #666666;font-size:35px\" ><\/i>            <\/span>\n\t\t\t\t\t\t\t\t<\/a>\n\t\t\t<\/div>\n\t\t\t<div class=\"edgtf-iwt-line\" style=\"background-color: #666666\"><\/div>\n\t\t<div class=\"edgtf-iwt-content\" style=\"padding-top: 7px\">\n\t\t\t\t\t<p class=\"edgtf-iwt-title\" style=\"margin-top: 17px\">\n\t\t\t\t\t\t\t\t\t<a itemprop=\"url\" href=\"#\" target=\"_self\">\n\t\t\t\t\t\t\t\t\t<span class=\"edgtf-iwt-title-text\">Design<\/span>\n\t\t\t\t\t\t\t\t\t\t\t\t\t\t<\/a>\n\t\t\t\t\t\t\t<\/p>\n\t\t\t\t\t<\/div>\n<\/div>[vc_empty_space height=&#8221;30px&#8221;]<div class=\"edgtf-iwt clearfix edgtf-iwt-icon-top edgtf-iwt-icon-medium edgtf-iwt-center edgtf-iwt-underline\">\n\t<div class=\"edgtf-iwt-icon\">\n\t\t\t\t\t<a itemprop=\"url\" href=\"#\" target=\"_self\">\n\t\t\t\t\t\t\t\t\t    <span class=\"edgtf-icon-shortcode edgtf-normal\"  data-color=\"#666666\">\n                    <i class=\"edgtf-icon-et-line icon-mobile edgtf-icon-element\" style=\"color: #666666;font-size:35px\" ><\/i>            <\/span>\n\t\t\t\t\t\t\t\t<\/a>\n\t\t\t<\/div>\n\t\t\t<div class=\"edgtf-iwt-line\" style=\"background-color: #666666\"><\/div>\n\t\t<div class=\"edgtf-iwt-content\" style=\"padding-top: 7px\">\n\t\t\t\t\t<p class=\"edgtf-iwt-title\" style=\"margin-top: 17px\">\n\t\t\t\t\t\t\t\t\t<a itemprop=\"url\" href=\"#\" target=\"_self\">\n\t\t\t\t\t\t\t\t\t<span class=\"edgtf-iwt-title-text\">An\u00e1lise de Sistemas<\/span>\n\t\t\t\t\t\t\t\t\t\t\t\t\t\t<\/a>\n\t\t\t\t\t\t\t<\/p>\n\t\t\t\t\t<\/div>\n<\/div>[vc_empty_space height=&#8221;30px&#8221;][\/vc_column_inner][vc_column_inner width=&#8221;1\/2&#8243; offset=&#8221;vc_col-lg-2&#8243;]<div class=\"edgtf-iwt clearfix edgtf-iwt-icon-top edgtf-iwt-icon-medium edgtf-iwt-center edgtf-iwt-underline\">\n\t<div class=\"edgtf-iwt-icon\">\n\t\t\t\t\t<a itemprop=\"url\" href=\"#\" target=\"_self\">\n\t\t\t\t\t\t\t\t\t    <span class=\"edgtf-icon-shortcode edgtf-normal\"  data-color=\"#666666\">\n                    <i class=\"edgtf-icon-et-line icon-edit edgtf-icon-element\" style=\"color: #666666;font-size:35px\" ><\/i>            <\/span>\n\t\t\t\t\t\t\t\t<\/a>\n\t\t\t<\/div>\n\t\t\t<div class=\"edgtf-iwt-line\" style=\"background-color: #666666\"><\/div>\n\t\t<div class=\"edgtf-iwt-content\" style=\"padding-top: 7px\">\n\t\t\t\t\t<p class=\"edgtf-iwt-title\" style=\"margin-top: 17px\">\n\t\t\t\t\t\t\t\t\t<a itemprop=\"url\" href=\"#\" target=\"_self\">\n\t\t\t\t\t\t\t\t\t<span class=\"edgtf-iwt-title-text\">Jornalismo<\/span>\n\t\t\t\t\t\t\t\t\t\t\t\t\t\t<\/a>\n\t\t\t\t\t\t\t<\/p>\n\t\t\t\t\t<\/div>\n<\/div>[vc_empty_space height=&#8221;30px&#8221;]<div class=\"edgtf-iwt clearfix edgtf-iwt-icon-top edgtf-iwt-icon-medium edgtf-iwt-center edgtf-iwt-underline\">\n\t<div class=\"edgtf-iwt-icon\">\n\t\t\t\t\t<a itemprop=\"url\" href=\"#\" target=\"_self\">\n\t\t\t\t\t\t\t\t\t    <span class=\"edgtf-icon-shortcode edgtf-normal\"  data-color=\"#666666\">\n                    <i class=\"edgtf-icon-et-line icon-tablet edgtf-icon-element\" style=\"color: #666666;font-size:35px\" ><\/i>            <\/span>\n\t\t\t\t\t\t\t\t<\/a>\n\t\t\t<\/div>\n\t\t\t<div class=\"edgtf-iwt-line\" style=\"background-color: #666666\"><\/div>\n\t\t<div class=\"edgtf-iwt-content\" style=\"padding-top: 7px\">\n\t\t\t\t\t<p class=\"edgtf-iwt-title\" style=\"margin-top: 17px\">\n\t\t\t\t\t\t\t\t\t<a itemprop=\"url\" href=\"#\" target=\"_self\">\n\t\t\t\t\t\t\t\t\t<span class=\"edgtf-iwt-title-text\">Tecnologia Da Informa\u00e7\u00e3o<\/span>\n\t\t\t\t\t\t\t\t\t\t\t\t\t\t<\/a>\n\t\t\t\t\t\t\t<\/p>\n\t\t\t\t\t<\/div>\n<\/div>[vc_empty_space height=&#8221;30px&#8221;][\/vc_column_inner][vc_column_inner width=&#8221;1\/2&#8243; offset=&#8221;vc_col-lg-2&#8243;]<div class=\"edgtf-iwt clearfix edgtf-iwt-icon-top edgtf-iwt-icon-medium edgtf-iwt-center edgtf-iwt-underline\">\n\t<div class=\"edgtf-iwt-icon\">\n\t\t\t\t\t<a itemprop=\"url\" href=\"#\" target=\"_self\">\n\t\t\t\t\t\t\t\t\t    <span class=\"edgtf-icon-shortcode edgtf-normal\"  data-color=\"#666666\">\n                    <i class=\"edgtf-icon-et-line icon-megaphone edgtf-icon-element\" style=\"color: #666666;font-size:35px\" ><\/i>            <\/span>\n\t\t\t\t\t\t\t\t<\/a>\n\t\t\t<\/div>\n\t\t\t<div class=\"edgtf-iwt-line\" style=\"background-color: #666666\"><\/div>\n\t\t<div class=\"edgtf-iwt-content\" style=\"padding-top: 7px\">\n\t\t\t\t\t<p class=\"edgtf-iwt-title\" style=\"margin-top: 17px\">\n\t\t\t\t\t\t\t\t\t<a itemprop=\"url\" href=\"#\" target=\"_self\">\n\t\t\t\t\t\t\t\t\t<span class=\"edgtf-iwt-title-text\">Publicidade<\/span>\n\t\t\t\t\t\t\t\t\t\t\t\t\t\t<\/a>\n\t\t\t\t\t\t\t<\/p>\n\t\t\t\t\t<\/div>\n<\/div>[vc_empty_space height=&#8221;30px&#8221;]<div class=\"edgtf-iwt clearfix edgtf-iwt-icon-top edgtf-iwt-icon-medium edgtf-iwt-center edgtf-iwt-underline\">\n\t<div class=\"edgtf-iwt-icon\">\n\t\t\t\t\t<a itemprop=\"url\" href=\"#\" target=\"_self\">\n\t\t\t\t\t\t\t\t\t    <span class=\"edgtf-icon-shortcode edgtf-normal\"  data-color=\"#666666\">\n                    <i class=\"edgtf-icon-et-line icon-download edgtf-icon-element\" style=\"color: #666666;font-size:35px\" ><\/i>            <\/span>\n\t\t\t\t\t\t\t\t<\/a>\n\t\t\t<\/div>\n\t\t\t<div class=\"edgtf-iwt-line\" style=\"background-color: #666666\"><\/div>\n\t\t<div class=\"edgtf-iwt-content\" style=\"padding-top: 7px\">\n\t\t\t\t\t<p class=\"edgtf-iwt-title\" style=\"margin-top: 17px\">\n\t\t\t\t\t\t\t\t\t<a itemprop=\"url\" href=\"#\" target=\"_self\">\n\t\t\t\t\t\t\t\t\t<span class=\"edgtf-iwt-title-text\">BI Business Intelligence<\/span>\n\t\t\t\t\t\t\t\t\t\t\t\t\t\t<\/a>\n\t\t\t\t\t\t\t<\/p>\n\t\t\t\t\t<\/div>\n<\/div>[vc_empty_space height=&#8221;30px&#8221;][\/vc_column_inner][\/vc_row_inner][vc_empty_space height=&#8221;30px&#8221;][vc_column_text]Somos uma empresa que preza o estudo, o conhecimento e a reflex\u00e3o. Procuramos sempre desenvolver programas de gera\u00e7\u00e3o de compet\u00eancias em nossos colaboradores, pois acreditamos que a valoriza\u00e7\u00e3o das pessoas estimula o crescimento pessoal e profissional.[\/vc_column_text][\/vc_column][\/vc_row][vc_row][vc_column css=&#8221;.vc_custom_1479829291571{padding-top: 0px !important;}&#8221;][\/vc_column][\/vc_row][vc_row css=&#8221;.vc_custom_1486129974778{padding-top: 20px !important;background-color: #f5f5f5 !important;}&#8221;][vc_column css=&#8221;.vc_custom_1486129027443{padding-top: 0px !important;}&#8221;][vc_row_inner row_content_width=&#8221;grid&#8221; css=&#8221;.vc_custom_1486128914928{margin-top: 15px !important;margin-bottom: 15px !important;}&#8221;][vc_column_inner offset=&#8221;vc_col-lg-6 vc_col-md-6&#8243;]<div class=\"edgtf-inner-row-holder edgtf-grid-row  edgtf-grid-normal-gutter\"><div class=\"edgtf-irh-column  edgtf-grid-col-4\">\n\t[vc_column_text]<\/p>\n<h6>Receba Nossas Mat\u00e9rias<\/h6>\n<div class=\"wpb_text_column wpb_content_element \">\n<div class=\"wpb_wrapper\">\n<p style=\"font-size: 12px; line-height: 1px; font-weight: 300;\">Seja um assinante<\/p>\n<\/div>\n<\/div>\n<p>[\/vc_column_text][vc_empty_space height=&#8221;25px&#8221;]<\/div><div class=\"edgtf-irh-column  edgtf-grid-col-8\">\n\t<div class=\"edgtf-elements-holder edgtf-one-column edgtf-responsive-mode-768\" ><div class=\"edgtf-eh-item \"  data-item-class=\"edgtf-eh-custom-230234\" data-1024-1280=\"6% 32% 7% 0%\" data-600-768=\"0% 33% 0% 0%\" data-480=\"6% 6% 7% 0%\">\n\t<div class=\"edgtf-eh-item-inner\">\n\t\t<div class=\"edgtf-eh-item-content edgtf-eh-custom-230234\" style=\"padding: 6% 33% 7% 0%\">\n\t\t\t<div role=\"form\" class=\"wpcf7\" id=\"wpcf7-f2049-o1\" lang=\"en-US\" dir=\"ltr\">\n<div class=\"screen-reader-response\"><p role=\"status\" aria-live=\"polite\" aria-atomic=\"true\"><\/p> <ul><\/ul><\/div>\n<form action=\"\/site\/wp-json\/wp\/v2\/pages\/5780#wpcf7-f2049-o1\" method=\"post\" class=\"wpcf7-form init cf7_custom_style_4\" novalidate=\"novalidate\" data-status=\"init\">\n<div style=\"display: none;\">\n<input type=\"hidden\" name=\"_wpcf7\" value=\"2049\" \/>\n<input type=\"hidden\" name=\"_wpcf7_version\" value=\"5.4.2\" \/>\n<input type=\"hidden\" name=\"_wpcf7_locale\" value=\"en_US\" \/>\n<input type=\"hidden\" name=\"_wpcf7_unit_tag\" value=\"wpcf7-f2049-o1\" \/>\n<input type=\"hidden\" name=\"_wpcf7_container_post\" value=\"0\" \/>\n<input type=\"hidden\" name=\"_wpcf7_posted_data_hash\" value=\"\" \/>\n<\/div>\n<div class=\"edgtf-two-columns-form-without-space edgtf-newsletter-form clearfix\">\n<div class=\"edgtf-column-left\">\n<span class=\"wpcf7-form-control-wrap your-email\"><input type=\"email\" name=\"your-email\" value=\"\" size=\"40\" maxlength=\"100\" class=\"wpcf7-form-control wpcf7-text wpcf7-email wpcf7-validates-as-required wpcf7-validates-as-email\" aria-required=\"true\" aria-invalid=\"false\" placeholder=\"Insira Seu E-mail\" \/><\/span>\n<\/div>\n<div class=\"edgtf-column-right\">\n<input type=\"submit\" value=\"Enviar\" class=\"wpcf7-form-control wpcf7-submit\" \/>\n<\/div>\n<\/div>\n<div class=\"wpcf7-response-output\" aria-hidden=\"true\"><\/div><\/form><\/div>\t\t<\/div>\n\t<\/div>\n<\/div><\/div><\/div><\/div>[\/vc_column_inner][vc_column_inner offset=&#8221;vc_col-lg-6 vc_col-md-6&#8243;]<div class=\"edgtf-inner-row-holder edgtf-grid-row  edgtf-grid-normal-gutter\"><div class=\"edgtf-irh-column  edgtf-grid-col-6\">\n\t[vc_column_text]<\/p>\n<h6>Redes Sociais:    <span class=\"edgtf-icon-shortcode normal\" style=\"margin: 0 10px 0 10px;width: 18px;height: 18px;line-height: 18px\" data-hover-color=\"#6b74e6\" data-color=\"#acacac\">\n                    <a itemprop=\"url\" class=\"\" href=\"https:\/\/twitter.com\/\" target=\"_self\">\n                    <i class=\"edgtf-icon-ion-icon ion-social-twitter edgtf-icon-element\" style=\"color: #acacac\" ><\/i>                    <\/a>\n            <\/span>\n    <span class=\"edgtf-icon-shortcode normal\" style=\"margin: 0 10px 0 0;width: 18px;height: 18px;line-height: 18px\" data-hover-color=\"#6b74e6\" data-color=\"#acacac\">\n                    <a itemprop=\"url\" class=\"\" href=\"https:\/\/vimeo.com\/\" target=\"_self\">\n                    <i class=\"edgtf-icon-ion-icon ion-social-vimeo edgtf-icon-element\" style=\"color: #acacac\" ><\/i>                    <\/a>\n            <\/span>\n    <span class=\"edgtf-icon-shortcode normal\" style=\"margin: 0 0 0 0;width: 20px;height: 20px;line-height: 20px\" data-hover-color=\"#6b74e6\" data-color=\"#acacac\">\n                    <a itemprop=\"url\" class=\"\" href=\"https:\/\/www.facebook.com\/\" target=\"_self\">\n                    <i class=\"edgtf-icon-ion-icon ion-social-facebook edgtf-icon-element\" style=\"color: #acacac\" ><\/i>                    <\/a>\n            <\/span>\n    <span class=\"edgtf-icon-shortcode normal\" style=\"width: 20px;height: 20px;line-height: 20px\" data-hover-color=\"#6b74e6\" data-color=\"#acacac\">\n                    <a itemprop=\"url\" class=\"\" href=\"https:\/\/plus.google.com\/explore\" target=\"_self\">\n                    <i class=\"edgtf-icon-ion-icon ion-social-googleplus edgtf-icon-element\" style=\"color: #acacac\" ><\/i>                    <\/a>\n            <\/span>\n<\/h6>\n<p style=\"font-size: 12px; line-height: 1px; font-weight: 300;\">Aguardamos voc\u00ea em nossas redes sociais.<\/p>\n<p>[\/vc_column_text][vc_empty_space height=&#8221;25px&#8221;]<\/div><div class=\"edgtf-irh-column  edgtf-grid-col-6\">\n\t[vc_column_text]<\/p>\n<h6>Contato: <span style=\"font-weight: 300; color: #6b74e6;\">55 21 96567-63821<\/span><\/h6>\n<p style=\"font-size: 12px; line-height: 1px; font-weight: 300;\">Atendimento Telefone e WhatsAPP<\/p>\n<p>[\/vc_column_text][vc_empty_space height=&#8221;40px&#8221;]<\/div><\/div>[\/vc_column_inner][\/vc_row_inner][\/vc_column][\/vc_row]<\/p>\n","protected":false},"excerpt":{"rendered":"<p> [&hellip;]<\/p>\n","protected":false},"author":1,"featured_media":0,"parent":0,"menu_order":0,"comment_status":"closed","ping_status":"closed","template":"full-width.php","meta":{"footnotes":""},"uagb_featured_image_src":{"full":false,"thumbnail":false,"medium":false,"medium_large":false,"large":false,"1536x1536":false,"2048x2048":false,"fluid_edge_image_square":false,"fluid_edge_image_landscape":false,"fluid_edge_image_portrait":false,"fluid_edge_image_huge":false,"woocommerce_thumbnail":false,"woocommerce_single":false,"woocommerce_gallery_thumbnail":false,"shop_catalog":false,"shop_single":false,"shop_thumbnail":false},"uagb_author_info":{"display_name":"admineoliveira","author_link":"https:\/\/www.oliconsultoria.com.br\/site\/author\/admineoliveira\/"},"uagb_comment_info":0,"uagb_excerpt":"[&hellip;]","_links":{"self":[{"href":"https:\/\/www.oliconsultoria.com.br\/site\/wp-json\/wp\/v2\/pages\/5780"}],"collection":[{"href":"https:\/\/www.oliconsultoria.com.br\/site\/wp-json\/wp\/v2\/pages"}],"about":[{"href":"https:\/\/www.oliconsultoria.com.br\/site\/wp-json\/wp\/v2\/types\/page"}],"author":[{"embeddable":true,"href":"https:\/\/www.oliconsultoria.com.br\/site\/wp-json\/wp\/v2\/users\/1"}],"replies":[{"embeddable":true,"href":"https:\/\/www.oliconsultoria.com.br\/site\/wp-json\/wp\/v2\/comments?post=5780"}],"version-history":[{"count":62,"href":"https:\/\/www.oliconsultoria.com.br\/site\/wp-json\/wp\/v2\/pages\/5780\/revisions"}],"predecessor-version":[{"id":8925,"href":"https:\/\/www.oliconsultoria.com.br\/site\/wp-json\/wp\/v2\/pages\/5780\/revisions\/8925"}],"wp:attachment":[{"href":"https:\/\/www.oliconsultoria.com.br\/site\/wp-json\/wp\/v2\/media?parent=5780"}],"curies":[{"name":"wp","href":"https:\/\/api.w.org\/{rel}","templated":true}]}}